{"id":1144,"date":"2021-04-18T20:55:43","date_gmt":"2021-04-18T17:55:43","guid":{"rendered":"http:\/\/tenisgiller.com\/blog\/?page_id=1144"},"modified":"2021-10-13T13:12:33","modified_gmt":"2021-10-13T10:12:33","slug":"court-change","status":"publish","type":"page","link":"https:\/\/tenisgiller.com\/blog\/court-change\/","title":{"rendered":"Erkek Single Kort Tahsis De\u011fi\u015fiklik \/ \u0130ptal (Kura Sonras\u0131)"},"content":{"rendered":"\n<!--<p style=\"color:red;\">TEST!<\/p>-->\nError: user not logged id!\n<p><\/p>\nKaydet i\u015flemi yapt\u0131ktan sonra tekrar i\u015flem yapmak i\u00e7in sayfay\u0131 yenileyiniz.\n<p><\/p><!--\n<a href=\"https:\/\/docs.google.com\/spreadsheets\/d\/e\/2PACX-1vS7q_7Qm2h2IXUzssUIMd76Il872kiNkAqZKeoK_md80ZeX2YKP_fnfzGTZKGaZhxCi52Tr_1nYLHyq\/pubhtml?gid=841186979&amp;single=true\" target=\"_blank\" rel=\"noopener\">Tabloyu<\/a> ve <a href=\"https:\/\/docs.google.com\/spreadsheets\/d\/e\/2PACX-1vS7q_7Qm2h2IXUzssUIMd76Il872kiNkAqZKeoK_md80ZeX2YKP_fnfzGTZKGaZhxCi52Tr_1nYLHyq\/pubhtml?gid=311361138&amp;single=true\" target=\"_blank\" rel=\"noopener\">listeyi<\/a> g\u00f6rmek i\u00e7in t\u0131klay\u0131n\u0131z. (5 dk. kadar gecikme olabilir)-->\n","protected":false},"excerpt":{"rendered":"<p>Kaydet i\u015flemi yapt\u0131ktan sonra tekrar i\u015flem yapmak i\u00e7in sayfay\u0131 yenileyiniz.<\/p>\n","protected":false},"author":1,"featured_media":0,"parent":0,"menu_order":0,"comment_status":"closed","ping_status":"closed","template":"","meta":{"jetpack_post_was_ever_published":false,"footnotes":""},"class_list":["post-1144","page","type-page","status-publish","hentry"],"jetpack_shortlink":"https:\/\/wp.me\/P9JVe7-is","jetpack_likes_enabled":true,"jetpack-related-posts":[],"jetpack_sharing_enabled":true,"_links":{"self":[{"href":"https:\/\/tenisgiller.com\/blog\/wp-json\/wp\/v2\/pages\/1144","targetHints":{"allow":["GET"]}}],"collection":[{"href":"https:\/\/tenisgiller.com\/blog\/wp-json\/wp\/v2\/pages"}],"about":[{"href":"https:\/\/tenisgiller.com\/blog\/wp-json\/wp\/v2\/types\/page"}],"author":[{"embeddable":true,"href":"https:\/\/tenisgiller.com\/blog\/wp-json\/wp\/v2\/users\/1"}],"replies":[{"embeddable":true,"href":"https:\/\/tenisgiller.com\/blog\/wp-json\/wp\/v2\/comments?post=1144"}],"version-history":[{"count":8,"href":"https:\/\/tenisgiller.com\/blog\/wp-json\/wp\/v2\/pages\/1144\/revisions"}],"predecessor-version":[{"id":1239,"href":"https:\/\/tenisgiller.com\/blog\/wp-json\/wp\/v2\/pages\/1144\/revisions\/1239"}],"wp:attachment":[{"href":"https:\/\/tenisgiller.com\/blog\/wp-json\/wp\/v2\/media?parent=1144"}],"curies":[{"name":"wp","href":"https:\/\/api.w.org\/{rel}","templated":true}]}}