{"id":121,"date":"2018-01-08T18:04:04","date_gmt":"2018-01-08T16:04:04","guid":{"rendered":"http:\/\/tenisgiller.com\/blog\/?page_id=121"},"modified":"2025-09-20T15:25:27","modified_gmt":"2025-09-20T12:25:27","slug":"bayan-single-defi-siralama","status":"publish","type":"page","link":"https:\/\/tenisgiller.com\/blog\/bayan-single-defi-siralama\/","title":{"rendered":"H\u00dcSEY\u0130N SONG\u00dcL &#8211; Kad\u0131n Single DEF\u0130 &#8211; S\u0131ralama"},"content":{"rendered":"<p><br \/>\n<!--<iframe loading=\"lazy\" src=\"https:\/\/docs.google.com\/spreadsheets\/d\/e\/2PACX-1vQu1vWSGmNMkvwgcGESP89jXZWuM1dgUn17ppXs-k3_wWOO55kZY2ygzJdTlCJoIJ77CfCeJwPNpd5b\/pubhtml?gid=1098942786&amp;single=true\" width=\"100%\" height=\"1000\" frameborder=\"0\"><\/iframe>\n\n--><\/p>\n","protected":false},"excerpt":{"rendered":"","protected":false},"author":5,"featured_media":0,"parent":0,"menu_order":0,"comment_status":"closed","ping_status":"closed","template":"","meta":{"jetpack_post_was_ever_published":false,"footnotes":""},"class_list":["post-121","page","type-page","status-publish","hentry"],"jetpack_shortlink":"https:\/\/wp.me\/P9JVe7-1X","jetpack_likes_enabled":true,"jetpack-related-posts":[],"jetpack_sharing_enabled":true,"_links":{"self":[{"href":"https:\/\/tenisgiller.com\/blog\/wp-json\/wp\/v2\/pages\/121","targetHints":{"allow":["GET"]}}],"collection":[{"href":"https:\/\/tenisgiller.com\/blog\/wp-json\/wp\/v2\/pages"}],"about":[{"href":"https:\/\/tenisgiller.com\/blog\/wp-json\/wp\/v2\/types\/page"}],"author":[{"embeddable":true,"href":"https:\/\/tenisgiller.com\/blog\/wp-json\/wp\/v2\/users\/5"}],"replies":[{"embeddable":true,"href":"https:\/\/tenisgiller.com\/blog\/wp-json\/wp\/v2\/comments?post=121"}],"version-history":[{"count":13,"href":"https:\/\/tenisgiller.com\/blog\/wp-json\/wp\/v2\/pages\/121\/revisions"}],"predecessor-version":[{"id":1833,"href":"https:\/\/tenisgiller.com\/blog\/wp-json\/wp\/v2\/pages\/121\/revisions\/1833"}],"wp:attachment":[{"href":"https:\/\/tenisgiller.com\/blog\/wp-json\/wp\/v2\/media?parent=121"}],"curies":[{"name":"wp","href":"https:\/\/api.w.org\/{rel}","templated":true}]}}