{"id":1432,"date":"2022-10-01T18:11:31","date_gmt":"2022-10-01T15:11:31","guid":{"rendered":"https:\/\/tenisgiller.com\/blog\/?page_id=1432"},"modified":"2023-12-12T09:05:05","modified_gmt":"2023-12-12T06:05:05","slug":"bayan-single-deficourt-request","status":"publish","type":"page","link":"https:\/\/tenisgiller.com\/blog\/bayan-single-deficourt-request\/","title":{"rendered":"Kad\u0131n Single Kort Rezervasyon Talep \/ \u0130ptal (Kura \u00d6ncesi)"},"content":{"rendered":"\n<p style=\"color:blue;\">Rezervasyon i\u015flemleri kura \u00f6ncesinde a\u015fa\u011f\u0131da belirtilen ba\u015flang\u0131\u00e7 ve biti\u015f tarihleri aras\u0131nda yap\u0131l\u0131r. Kura sonras\u0131nda i\u015fleminizi <a href=\"https:\/\/tenisgiller.com\/blog\/bayan-single-deficourt-change\/\">Kort Tahsis De\u011fi\u015fiklik \/ \u0130ptal<\/a> ekran\u0131ndan yap\u0131n\u0131z.<\/p>\nError: user not logged id!\n<p><\/p>\n<a href=\"https:\/\/docs.google.com\/spreadsheets\/d\/e\/2PACX-1vRNaQqf01FJf9FE1b5psZ6h2cmgm99n8ZFz8RQERb2Yk7PppNlKm_bjGgxG7YkxHpWkpOfZOxVPgdUY\/pubhtml?gid=2083758988&#038;single=true\" target=\"_blank\" rel=\"noopener\">Girilen kort rezervasyon taleplerini g\u00f6rmek i\u00e7in t\u0131klay\u0131n\u0131z. (5 dk. kadar gecikmeli olabilir)<\/a>\n","protected":false},"excerpt":{"rendered":"<p>Rezervasyon i\u015flemleri kura \u00f6ncesinde a\u015fa\u011f\u0131da belirtilen ba\u015flang\u0131\u00e7 ve biti\u015f tarihleri aras\u0131nda yap\u0131l\u0131r. Kura sonras\u0131nda i\u015fleminizi Kort Tahsis De\u011fi\u015fiklik \/ \u0130ptal ekran\u0131ndan yap\u0131n\u0131z. Girilen kort rezervasyon taleplerini g\u00f6rmek i\u00e7in t\u0131klay\u0131n\u0131z. (5 dk. kadar gecikmeli olabilir)<\/p>\n","protected":false},"author":1,"featured_media":0,"parent":0,"menu_order":0,"comment_status":"closed","ping_status":"closed","template":"","meta":{"jetpack_post_was_ever_published":false,"footnotes":""},"class_list":["post-1432","page","type-page","status-publish","hentry"],"jetpack_shortlink":"https:\/\/wp.me\/P9JVe7-n6","jetpack_likes_enabled":true,"jetpack-related-posts":[],"jetpack_sharing_enabled":true,"_links":{"self":[{"href":"https:\/\/tenisgiller.com\/blog\/wp-json\/wp\/v2\/pages\/1432","targetHints":{"allow":["GET"]}}],"collection":[{"href":"https:\/\/tenisgiller.com\/blog\/wp-json\/wp\/v2\/pages"}],"about":[{"href":"https:\/\/tenisgiller.com\/blog\/wp-json\/wp\/v2\/types\/page"}],"author":[{"embeddable":true,"href":"https:\/\/tenisgiller.com\/blog\/wp-json\/wp\/v2\/users\/1"}],"replies":[{"embeddable":true,"href":"https:\/\/tenisgiller.com\/blog\/wp-json\/wp\/v2\/comments?post=1432"}],"version-history":[{"count":4,"href":"https:\/\/tenisgiller.com\/blog\/wp-json\/wp\/v2\/pages\/1432\/revisions"}],"predecessor-version":[{"id":1649,"href":"https:\/\/tenisgiller.com\/blog\/wp-json\/wp\/v2\/pages\/1432\/revisions\/1649"}],"wp:attachment":[{"href":"https:\/\/tenisgiller.com\/blog\/wp-json\/wp\/v2\/media?parent=1432"}],"curies":[{"name":"wp","href":"https:\/\/api.w.org\/{rel}","templated":true}]}}