{"id":144,"date":"2018-01-09T20:25:44","date_gmt":"2018-01-09T18:25:44","guid":{"rendered":"http:\/\/tenisgiller.com\/blog\/?page_id=144"},"modified":"2022-04-10T12:33:22","modified_gmt":"2022-04-10T09:33:22","slug":"bayan-single-defi-sonuclar","status":"publish","type":"page","link":"https:\/\/tenisgiller.com\/blog\/bayan-single-defi-sonuclar\/","title":{"rendered":"Kad\u0131n Single DEF\u0130 &#8211; Sonu\u00e7lar"},"content":{"rendered":"<p><br \/>\n<!--<iframe loading=\"lazy\" src=\"https:\/\/docs.google.com\/spreadsheets\/d\/e\/2PACX-1vQu1vWSGmNMkvwgcGESP89jXZWuM1dgUn17ppXs-k3_wWOO55kZY2ygzJdTlCJoIJ77CfCeJwPNpd5b\/pubhtml?gid=36241975&amp;single=true\" width=\"100%\" height=\"800\" frameborder=\"0\"><\/iframe>\n\n--><\/p>\n","protected":false},"excerpt":{"rendered":"","protected":false},"author":1,"featured_media":0,"parent":0,"menu_order":0,"comment_status":"closed","ping_status":"closed","template":"","meta":{"footnotes":""},"class_list":["post-144","page","type-page","status-publish","hentry"],"jetpack_shortlink":"https:\/\/wp.me\/P9JVe7-2k","jetpack_likes_enabled":true,"jetpack-related-posts":[],"jetpack_sharing_enabled":true,"_links":{"self":[{"href":"https:\/\/tenisgiller.com\/blog\/wp-json\/wp\/v2\/pages\/144","targetHints":{"allow":["GET"]}}],"collection":[{"href":"https:\/\/tenisgiller.com\/blog\/wp-json\/wp\/v2\/pages"}],"about":[{"href":"https:\/\/tenisgiller.com\/blog\/wp-json\/wp\/v2\/types\/page"}],"author":[{"embeddable":true,"href":"https:\/\/tenisgiller.com\/blog\/wp-json\/wp\/v2\/users\/1"}],"replies":[{"embeddable":true,"href":"https:\/\/tenisgiller.com\/blog\/wp-json\/wp\/v2\/comments?post=144"}],"version-history":[{"count":6,"href":"https:\/\/tenisgiller.com\/blog\/wp-json\/wp\/v2\/pages\/144\/revisions"}],"predecessor-version":[{"id":1333,"href":"https:\/\/tenisgiller.com\/blog\/wp-json\/wp\/v2\/pages\/144\/revisions\/1333"}],"wp:attachment":[{"href":"https:\/\/tenisgiller.com\/blog\/wp-json\/wp\/v2\/media?parent=144"}],"curies":[{"name":"wp","href":"https:\/\/api.w.org\/{rel}","templated":true}]}}