{"id":1449,"date":"2022-10-01T19:06:54","date_gmt":"2022-10-01T16:06:54","guid":{"rendered":"https:\/\/tenisgiller.com\/blog\/?page_id=1449"},"modified":"2022-10-04T11:52:29","modified_gmt":"2022-10-04T08:52:29","slug":"bayan-single-deficourt","status":"publish","type":"page","link":"https:\/\/tenisgiller.com\/blog\/bayan-single-deficourt\/","title":{"rendered":"Kad\u0131n Single Kort Rezervasyon G\u00f6r\u00fcnt\u00fcleme"},"content":{"rendered":"\n<p>Kort rezervasyon talepleri periyot ilk haftas\u0131 Pazartesi g\u00fcn\u00fc 20:00&#8217;e kadar yap\u0131l\u0131r. Kort tahsisi kura ile belirlenir ve sayfan\u0131n alt\u0131ndan takip edilir. <!--Tahsis edilen kort saatlerinde de\u011fi\u015fiklik yapmak i\u00e7in Whatsapp grubuna mesaj g\u00f6nderebilirsiniz.--><\/p>\n<p style=\"color:blue;\">\u0130\u015flem yapt\u0131ktan sonra, kort durum tablosunda g\u00f6r\u00fcnt\u00fclenmesi i\u00e7in <u>5dk. kadar<\/u> beklemek gerekebilir. Bu sayfadaki bilgiler anl\u0131k de\u011fildir. Anl\u0131k kort de\u011fi\u015fiklikleri bilgisi i\u00e7in, <a href=\"https:\/\/t.me\/+n6VJuXN2HCZkZmE0\" target=\"_blank\" rel=\"noopener\">Tenisgiller DEF\u0130 Bildirimler<\/a> Telegram grubuna abone olabilirsiniz.<br><br>\nGri renkle i\u015faretlenmi\u015f saatler kort tahsisi yap\u0131lamayacak olan saatlerdir.<br>\nSar\u0131 renkle i\u015faretlenmi\u015f saatler kort tahsisi yapmaya m\u00fcsait olan saatlerdir.<br>\n<\/p>\n\n","protected":false},"excerpt":{"rendered":"<p>Kort rezervasyon talepleri periyot ilk haftas\u0131 Pazartesi g\u00fcn\u00fc 20:00&#8217;e kadar yap\u0131l\u0131r. Kort tahsisi kura ile belirlenir ve sayfan\u0131n alt\u0131ndan takip edilir. \u0130\u015flem yapt\u0131ktan sonra, kort durum tablosunda g\u00f6r\u00fcnt\u00fclenmesi i\u00e7in 5dk. kadar beklemek gerekebilir. Bu sayfadaki bilgiler anl\u0131k de\u011fildir. Anl\u0131k kort de\u011fi\u015fiklikleri bilgisi i\u00e7in, Tenisgiller DEF\u0130 Bildirimler Telegram grubuna abone olabilirsiniz. Gri renkle i\u015faretlenmi\u015f saatler kort &hellip; <a href=\"https:\/\/tenisgiller.com\/blog\/bayan-single-deficourt\/\" class=\"more-link\">Okumaya devam et<span class=\"screen-reader-text\"> &#8220;Kad\u0131n Single Kort Rezervasyon G\u00f6r\u00fcnt\u00fcleme&#8221;<\/span><\/a><\/p>\n","protected":false},"author":1,"featured_media":0,"parent":0,"menu_order":0,"comment_status":"closed","ping_status":"closed","template":"","meta":{"footnotes":""},"class_list":["post-1449","page","type-page","status-publish","hentry"],"jetpack_shortlink":"https:\/\/wp.me\/P9JVe7-nn","jetpack_likes_enabled":true,"jetpack-related-posts":[],"jetpack_sharing_enabled":true,"_links":{"self":[{"href":"https:\/\/tenisgiller.com\/blog\/wp-json\/wp\/v2\/pages\/1449","targetHints":{"allow":["GET"]}}],"collection":[{"href":"https:\/\/tenisgiller.com\/blog\/wp-json\/wp\/v2\/pages"}],"about":[{"href":"https:\/\/tenisgiller.com\/blog\/wp-json\/wp\/v2\/types\/page"}],"author":[{"embeddable":true,"href":"https:\/\/tenisgiller.com\/blog\/wp-json\/wp\/v2\/users\/1"}],"replies":[{"embeddable":true,"href":"https:\/\/tenisgiller.com\/blog\/wp-json\/wp\/v2\/comments?post=1449"}],"version-history":[{"count":2,"href":"https:\/\/tenisgiller.com\/blog\/wp-json\/wp\/v2\/pages\/1449\/revisions"}],"predecessor-version":[{"id":1468,"href":"https:\/\/tenisgiller.com\/blog\/wp-json\/wp\/v2\/pages\/1449\/revisions\/1468"}],"wp:attachment":[{"href":"https:\/\/tenisgiller.com\/blog\/wp-json\/wp\/v2\/media?parent=1449"}],"curies":[{"name":"wp","href":"https:\/\/api.w.org\/{rel}","templated":true}]}}