{"id":1518,"date":"2023-02-04T10:29:46","date_gmt":"2023-02-04T07:29:46","guid":{"rendered":"https:\/\/tenisgiller.com\/blog\/?page_id=1518"},"modified":"2023-02-04T10:29:47","modified_gmt":"2023-02-04T07:29:47","slug":"rank-mix","status":"publish","type":"page","link":"https:\/\/tenisgiller.com\/blog\/rank-mix\/","title":{"rendered":"MIXED S\u0131ralama"},"content":{"rendered":"\n<p>Bu ekrandaki ilk tabloda ma\u00e7 tablosundaki sonu\u00e7lara g\u00f6re anl\u0131k olarak de\u011fi\u015fen s\u0131ralama g\u00f6r\u00fcnt\u00fclenmektedir, sayfan\u0131n alt\u0131ndaki tabloda ise devam eden DEF\u0130 periyodundaki izinli oyuncular yer almaktad\u0131r.<br> \n<!--\n<span style=\"color: #ff6600;\">Sayfa bak\u0131m nedeniyle bir s\u00fcre kapal\u0131 kalacakt\u0131r, al\u0131c\u0131n\u0131z\u0131n ayar\u0131yla oynamay\u0131n\u0131z, anlay\u0131\u015f\u0131n\u0131z i\u00e7in te\u015fekk\u00fcrler...<\/span>\n--><\/p>\n\n","protected":false},"excerpt":{"rendered":"<p>Bu ekrandaki ilk tabloda ma\u00e7 tablosundaki sonu\u00e7lara g\u00f6re anl\u0131k olarak de\u011fi\u015fen s\u0131ralama g\u00f6r\u00fcnt\u00fclenmektedir, sayfan\u0131n alt\u0131ndaki tabloda ise devam eden DEF\u0130 periyodundaki izinli oyuncular yer almaktad\u0131r.<\/p>\n","protected":false},"author":1,"featured_media":0,"parent":0,"menu_order":0,"comment_status":"closed","ping_status":"closed","template":"","meta":{"jetpack_post_was_ever_published":false,"footnotes":""},"class_list":["post-1518","page","type-page","status-publish","hentry"],"jetpack_shortlink":"https:\/\/wp.me\/P9JVe7-ou","jetpack_likes_enabled":true,"jetpack-related-posts":[],"jetpack_sharing_enabled":true,"_links":{"self":[{"href":"https:\/\/tenisgiller.com\/blog\/wp-json\/wp\/v2\/pages\/1518","targetHints":{"allow":["GET"]}}],"collection":[{"href":"https:\/\/tenisgiller.com\/blog\/wp-json\/wp\/v2\/pages"}],"about":[{"href":"https:\/\/tenisgiller.com\/blog\/wp-json\/wp\/v2\/types\/page"}],"author":[{"embeddable":true,"href":"https:\/\/tenisgiller.com\/blog\/wp-json\/wp\/v2\/users\/1"}],"replies":[{"embeddable":true,"href":"https:\/\/tenisgiller.com\/blog\/wp-json\/wp\/v2\/comments?post=1518"}],"version-history":[{"count":1,"href":"https:\/\/tenisgiller.com\/blog\/wp-json\/wp\/v2\/pages\/1518\/revisions"}],"predecessor-version":[{"id":1520,"href":"https:\/\/tenisgiller.com\/blog\/wp-json\/wp\/v2\/pages\/1518\/revisions\/1520"}],"wp:attachment":[{"href":"https:\/\/tenisgiller.com\/blog\/wp-json\/wp\/v2\/media?parent=1518"}],"curies":[{"name":"wp","href":"https:\/\/api.w.org\/{rel}","templated":true}]}}