{"id":197,"date":"2018-02-28T10:10:03","date_gmt":"2018-02-28T08:10:03","guid":{"rendered":"http:\/\/tenisgiller.com\/blog\/?page_id=197"},"modified":"2023-02-06T08:02:45","modified_gmt":"2023-02-06T05:02:45","slug":"bayan-single-defi-play-off","status":"publish","type":"page","link":"https:\/\/tenisgiller.com\/blog\/bayan-single-defi-play-off\/","title":{"rendered":"Kad\u0131n Single DEF\u0130 &#8211; Play-Off"},"content":{"rendered":"\n<!--\n<p>Bu ekran play-off d\u00f6neminde kullan\u0131lacakt\u0131r.<br>\n<\/p>\n-->\n\n\n\n\n<p><\/p>\n","protected":false},"excerpt":{"rendered":"","protected":false},"author":1,"featured_media":0,"parent":0,"menu_order":0,"comment_status":"closed","ping_status":"closed","template":"","meta":{"jetpack_post_was_ever_published":false,"footnotes":""},"class_list":["post-197","page","type-page","status-publish","hentry"],"jetpack_shortlink":"https:\/\/wp.me\/P9JVe7-3b","jetpack_likes_enabled":true,"jetpack-related-posts":[],"jetpack_sharing_enabled":true,"_links":{"self":[{"href":"https:\/\/tenisgiller.com\/blog\/wp-json\/wp\/v2\/pages\/197","targetHints":{"allow":["GET"]}}],"collection":[{"href":"https:\/\/tenisgiller.com\/blog\/wp-json\/wp\/v2\/pages"}],"about":[{"href":"https:\/\/tenisgiller.com\/blog\/wp-json\/wp\/v2\/types\/page"}],"author":[{"embeddable":true,"href":"https:\/\/tenisgiller.com\/blog\/wp-json\/wp\/v2\/users\/1"}],"replies":[{"embeddable":true,"href":"https:\/\/tenisgiller.com\/blog\/wp-json\/wp\/v2\/comments?post=197"}],"version-history":[{"count":13,"href":"https:\/\/tenisgiller.com\/blog\/wp-json\/wp\/v2\/pages\/197\/revisions"}],"predecessor-version":[{"id":1540,"href":"https:\/\/tenisgiller.com\/blog\/wp-json\/wp\/v2\/pages\/197\/revisions\/1540"}],"wp:attachment":[{"href":"https:\/\/tenisgiller.com\/blog\/wp-json\/wp\/v2\/media?parent=197"}],"curies":[{"name":"wp","href":"https:\/\/api.w.org\/{rel}","templated":true}]}}