{"id":234,"date":"2018-04-17T09:13:30","date_gmt":"2018-04-17T06:13:30","guid":{"rendered":"http:\/\/tenisgiller.com\/blog\/?page_id=234"},"modified":"2025-09-20T15:30:53","modified_gmt":"2025-09-20T12:30:53","slug":"mainpage","status":"publish","type":"page","link":"https:\/\/tenisgiller.com\/blog\/","title":{"rendered":"Ana Sayfa"},"content":{"rendered":"\n<p>Tenisgiller sitesine ho\u015f geldiniz.<br>Men\u00fcy\u00fc kullanarak site i\u00e7eriklerine ula\u015fabilirsiniz.<\/p>\n\n\n\n<p><strong>2025\/26 DEF\u0130 SEZONUNA MERHUM A\u011eABEY\u0130M\u0130Z H\u00dcSEY\u0130N SONG\u00dcL&#8217;\u00dcN ADI VER\u0130LM\u0130\u015eT\u0130R. KEND\u0130S\u0130N\u0130 SAYGIYLA ANIYORUZ.<\/strong><\/p>\n\n\n\n<figure class=\"wp-block-image size-full\"><img data-recalc-dims=\"1\" loading=\"lazy\" decoding=\"async\" width=\"462\" height=\"610\" data-attachment-id=\"1837\" data-permalink=\"https:\/\/tenisgiller.com\/blog\/mainpage\/image\/\" data-orig-file=\"https:\/\/i0.wp.com\/tenisgiller.com\/blog\/wp-content\/uploads\/2025\/09\/image.png?fit=462%2C610&amp;ssl=1\" data-orig-size=\"462,610\" data-comments-opened=\"1\" data-image-meta=\"{&quot;aperture&quot;:&quot;0&quot;,&quot;credit&quot;:&quot;&quot;,&quot;camera&quot;:&quot;&quot;,&quot;caption&quot;:&quot;&quot;,&quot;created_timestamp&quot;:&quot;0&quot;,&quot;copyright&quot;:&quot;&quot;,&quot;focal_length&quot;:&quot;0&quot;,&quot;iso&quot;:&quot;0&quot;,&quot;shutter_speed&quot;:&quot;0&quot;,&quot;title&quot;:&quot;&quot;,&quot;orientation&quot;:&quot;0&quot;}\" data-image-title=\"image\" data-image-description=\"\" data-image-caption=\"\" data-large-file=\"https:\/\/i0.wp.com\/tenisgiller.com\/blog\/wp-content\/uploads\/2025\/09\/image.png?fit=462%2C610&amp;ssl=1\" src=\"https:\/\/i0.wp.com\/tenisgiller.com\/blog\/wp-content\/uploads\/2025\/09\/image.png?resize=462%2C610&#038;ssl=1\" alt=\"\" class=\"wp-image-1837\" srcset=\"https:\/\/i0.wp.com\/tenisgiller.com\/blog\/wp-content\/uploads\/2025\/09\/image.png?w=462&amp;ssl=1 462w, https:\/\/i0.wp.com\/tenisgiller.com\/blog\/wp-content\/uploads\/2025\/09\/image.png?resize=227%2C300&amp;ssl=1 227w\" sizes=\"auto, (max-width: 462px) 85vw, 462px\" \/><\/figure>\n\n\n\n<!-- <p><strong>2023\/24 DEF\u0130 TURNUVASI'NA ADINI VERD\u0130\u011e\u0130M\u0130Z JANO VARTANESYAN kimdir?<\/strong><\/p>\n\n\n\n<p>1941 y\u0131l\u0131nda \u0130stanbul'da do\u011fru. Liseden sonra ticaretle u\u011fra\u015ft\u0131. 14 ya\u015f\u0131nda Balkan \u015fampiyonu Vahram \u015eirinyan'dan B\u00fcy\u00fckada Anadolu Kul\u00fcb\u00fc'nde ders alarak tenise ba\u015flad\u0131. Daha sonra TED Kul\u00fcb\u00fc'nde Fehmi K\u0131z\u0131l'\u0131n \u00f6\u011frencisi oldu.<\/p>\n\n\n\n<p>T\u00fcrk tenisine 64 y\u0131l oyuncu, hoca ve idareci olarak hizmet etti. 23 y\u0131l boyunca tenis federasyonundan muhtelif g\u00f6revler ald\u0131. Ayr\u0131ca 23 sene \u0130stanbul Tenis B\u00f6lge Ajan\u0131 ve yard\u0131mc\u0131l\u0131\u011f\u0131 g\u00f6revinde bulundu. TED ve YSK kul\u00fcplerinde kaptanl\u0131k ve idarecilik yapt\u0131.<br>TED Kul\u00fcb\u00fc'n\u00fcn basketbol tak\u0131m\u0131n\u0131 kuran d\u00f6rt idareciden biridir. 1972'de \u0130zmir'de oynanan Akdeniz Oyunlar\u0131'nda Hasan Akev'le beraber ba\u015fhakem yard\u0131mc\u0131l\u0131\u011f\u0131 yapt\u0131. Milli Olimpiyat Komitesi'nde Filateli Kurulu \u00fcyesidir. Filateli'de tenis pullar\u0131 koleksiyonu ile \u00fclkemizi temsil ederek iyi dereceler ald\u0131. YSK'de ilk defa 1995'de SATELLITE turnuvas\u0131n\u0131 ba\u015flatarak 18 y\u0131l turnuva direkt\u00f6rl\u00fc\u011f\u00fc yapt\u0131.<\/p>\n\n\n\n<p>Halen YSK'de divan \u00fcyesi, TED Kul\u00fcb\u00fc'nde \u015feref \u00fcyesidir.<\/p>\n\n\n\n<figure class=\"wp-block-gallery has-nested-images columns-default is-cropped wp-block-gallery-1 is-layout-flex wp-block-gallery-is-layout-flex\">\n<figure class=\"wp-block-image size-full\"><img loading=\"lazy\" decoding=\"async\" width=\"1023\" height=\"824\" data-attachment-id=\"1615\" data-permalink=\"https:\/\/tenisgiller.com\/blog\/mainpage\/whatsapp-gorsel-2023-09-18-saat-20-12-42-2\/\" data-orig-file=\"https:\/\/i0.wp.com\/tenisgiller.com\/blog\/wp-content\/uploads\/2023\/09\/WhatsApp-Gorsel-2023-09-18-saat-20.12.42-2.jpg?fit=1023%2C824&amp;ssl=1\" data-orig-size=\"1023,824\" data-comments-opened=\"1\" data-image-meta=\"{&quot;aperture&quot;:&quot;0&quot;,&quot;credit&quot;:&quot;&quot;,&quot;camera&quot;:&quot;&quot;,&quot;caption&quot;:&quot;&quot;,&quot;created_timestamp&quot;:&quot;0&quot;,&quot;copyright&quot;:&quot;&quot;,&quot;focal_length&quot;:&quot;0&quot;,&quot;iso&quot;:&quot;0&quot;,&quot;shutter_speed&quot;:&quot;0&quot;,&quot;title&quot;:&quot;&quot;,&quot;orientation&quot;:&quot;0&quot;}\" data-image-title=\"\" data-image-description=\"\" data-image-caption=\"\" data-large-file=\"https:\/\/i0.wp.com\/tenisgiller.com\/blog\/wp-content\/uploads\/2023\/09\/WhatsApp-Gorsel-2023-09-18-saat-20.12.42-2.jpg?fit=840%2C677&amp;ssl=1\" data-id=\"1615\" src=\"https:\/\/tenisgiller.com\/blog\/wp-content\/uploads\/2023\/09\/WhatsApp-Gorsel-2023-09-18-saat-20.12.42-2.jpg\" alt=\"\" class=\"wp-image-1615\" srcset=\"https:\/\/i0.wp.com\/tenisgiller.com\/blog\/wp-content\/uploads\/2023\/09\/WhatsApp-Gorsel-2023-09-18-saat-20.12.42-2.jpg?w=1023&amp;ssl=1 1023w, https:\/\/i0.wp.com\/tenisgiller.com\/blog\/wp-content\/uploads\/2023\/09\/WhatsApp-Gorsel-2023-09-18-saat-20.12.42-2.jpg?resize=300%2C242&amp;ssl=1 300w, https:\/\/i0.wp.com\/tenisgiller.com\/blog\/wp-content\/uploads\/2023\/09\/WhatsApp-Gorsel-2023-09-18-saat-20.12.42-2.jpg?resize=768%2C619&amp;ssl=1 768w\" sizes=\"auto, (max-width: 709px) 85vw, (max-width: 909px) 67vw, (max-width: 1362px) 62vw, 840px\" \/><\/figure>\n\n\n\n<figure class=\"wp-block-image size-full\"><img loading=\"lazy\" decoding=\"async\" width=\"819\" height=\"1024\" data-attachment-id=\"1616\" data-permalink=\"https:\/\/tenisgiller.com\/blog\/mainpage\/whatsapp-gorsel-2023-09-18-saat-20-12-43-3\/\" data-orig-file=\"https:\/\/i0.wp.com\/tenisgiller.com\/blog\/wp-content\/uploads\/2023\/09\/WhatsApp-Gorsel-2023-09-18-saat-20.12.43-3.jpg?fit=819%2C1024&amp;ssl=1\" data-orig-size=\"819,1024\" data-comments-opened=\"1\" data-image-meta=\"{&quot;aperture&quot;:&quot;0&quot;,&quot;credit&quot;:&quot;&quot;,&quot;camera&quot;:&quot;&quot;,&quot;caption&quot;:&quot;&quot;,&quot;created_timestamp&quot;:&quot;0&quot;,&quot;copyright&quot;:&quot;&quot;,&quot;focal_length&quot;:&quot;0&quot;,&quot;iso&quot;:&quot;0&quot;,&quot;shutter_speed&quot;:&quot;0&quot;,&quot;title&quot;:&quot;&quot;,&quot;orientation&quot;:&quot;0&quot;}\" data-image-title=\"\" data-image-description=\"\" data-image-caption=\"\" data-large-file=\"https:\/\/i0.wp.com\/tenisgiller.com\/blog\/wp-content\/uploads\/2023\/09\/WhatsApp-Gorsel-2023-09-18-saat-20.12.43-3.jpg?fit=819%2C1024&amp;ssl=1\" data-id=\"1616\" src=\"https:\/\/tenisgiller.com\/blog\/wp-content\/uploads\/2023\/09\/WhatsApp-Gorsel-2023-09-18-saat-20.12.43-3.jpg\" alt=\"\" class=\"wp-image-1616\" srcset=\"https:\/\/i0.wp.com\/tenisgiller.com\/blog\/wp-content\/uploads\/2023\/09\/WhatsApp-Gorsel-2023-09-18-saat-20.12.43-3.jpg?w=819&amp;ssl=1 819w, https:\/\/i0.wp.com\/tenisgiller.com\/blog\/wp-content\/uploads\/2023\/09\/WhatsApp-Gorsel-2023-09-18-saat-20.12.43-3.jpg?resize=240%2C300&amp;ssl=1 240w, https:\/\/i0.wp.com\/tenisgiller.com\/blog\/wp-content\/uploads\/2023\/09\/WhatsApp-Gorsel-2023-09-18-saat-20.12.43-3.jpg?resize=768%2C960&amp;ssl=1 768w\" sizes=\"auto, (max-width: 819px) 85vw, 819px\" \/><\/figure>\n\n\n\n<figure class=\"wp-block-image size-full\"><img loading=\"lazy\" decoding=\"async\" width=\"1024\" height=\"768\" data-attachment-id=\"1617\" data-permalink=\"https:\/\/tenisgiller.com\/blog\/mainpage\/whatsapp-gorsel-2023-09-18-saat-20-12-43-4\/\" data-orig-file=\"https:\/\/i0.wp.com\/tenisgiller.com\/blog\/wp-content\/uploads\/2023\/09\/WhatsApp-Gorsel-2023-09-18-saat-20.12.43-4.jpg?fit=1024%2C768&amp;ssl=1\" data-orig-size=\"1024,768\" data-comments-opened=\"1\" data-image-meta=\"{&quot;aperture&quot;:&quot;0&quot;,&quot;credit&quot;:&quot;&quot;,&quot;camera&quot;:&quot;&quot;,&quot;caption&quot;:&quot;&quot;,&quot;created_timestamp&quot;:&quot;0&quot;,&quot;copyright&quot;:&quot;&quot;,&quot;focal_length&quot;:&quot;0&quot;,&quot;iso&quot;:&quot;0&quot;,&quot;shutter_speed&quot;:&quot;0&quot;,&quot;title&quot;:&quot;&quot;,&quot;orientation&quot;:&quot;0&quot;}\" data-image-title=\"\" data-image-description=\"\" data-image-caption=\"\" data-large-file=\"https:\/\/i0.wp.com\/tenisgiller.com\/blog\/wp-content\/uploads\/2023\/09\/WhatsApp-Gorsel-2023-09-18-saat-20.12.43-4.jpg?fit=840%2C630&amp;ssl=1\" data-id=\"1617\" src=\"https:\/\/tenisgiller.com\/blog\/wp-content\/uploads\/2023\/09\/WhatsApp-Gorsel-2023-09-18-saat-20.12.43-4.jpg\" alt=\"\" class=\"wp-image-1617\" srcset=\"https:\/\/i0.wp.com\/tenisgiller.com\/blog\/wp-content\/uploads\/2023\/09\/WhatsApp-Gorsel-2023-09-18-saat-20.12.43-4.jpg?w=1024&amp;ssl=1 1024w, https:\/\/i0.wp.com\/tenisgiller.com\/blog\/wp-content\/uploads\/2023\/09\/WhatsApp-Gorsel-2023-09-18-saat-20.12.43-4.jpg?resize=300%2C225&amp;ssl=1 300w, https:\/\/i0.wp.com\/tenisgiller.com\/blog\/wp-content\/uploads\/2023\/09\/WhatsApp-Gorsel-2023-09-18-saat-20.12.43-4.jpg?resize=768%2C576&amp;ssl=1 768w\" sizes=\"auto, (max-width: 709px) 85vw, (max-width: 909px) 67vw, (max-width: 1362px) 62vw, 840px\" \/><\/figure>\n\n\n\n<figure class=\"wp-block-image size-full\"><img loading=\"lazy\" decoding=\"async\" width=\"614\" height=\"1024\" data-attachment-id=\"1618\" data-permalink=\"https:\/\/tenisgiller.com\/blog\/mainpage\/whatsapp-gorsel-2023-09-18-saat-20-13-12-5\/\" data-orig-file=\"https:\/\/i0.wp.com\/tenisgiller.com\/blog\/wp-content\/uploads\/2023\/09\/WhatsApp-Gorsel-2023-09-18-saat-20.13.12-5.jpg?fit=614%2C1024&amp;ssl=1\" data-orig-size=\"614,1024\" data-comments-opened=\"1\" data-image-meta=\"{&quot;aperture&quot;:&quot;0&quot;,&quot;credit&quot;:&quot;&quot;,&quot;camera&quot;:&quot;&quot;,&quot;caption&quot;:&quot;&quot;,&quot;created_timestamp&quot;:&quot;0&quot;,&quot;copyright&quot;:&quot;&quot;,&quot;focal_length&quot;:&quot;0&quot;,&quot;iso&quot;:&quot;0&quot;,&quot;shutter_speed&quot;:&quot;0&quot;,&quot;title&quot;:&quot;&quot;,&quot;orientation&quot;:&quot;0&quot;}\" data-image-title=\"\" data-image-description=\"\" data-image-caption=\"\" data-large-file=\"https:\/\/i0.wp.com\/tenisgiller.com\/blog\/wp-content\/uploads\/2023\/09\/WhatsApp-Gorsel-2023-09-18-saat-20.13.12-5.jpg?fit=614%2C1024&amp;ssl=1\" data-id=\"1618\" src=\"https:\/\/tenisgiller.com\/blog\/wp-content\/uploads\/2023\/09\/WhatsApp-Gorsel-2023-09-18-saat-20.13.12-5.jpg\" alt=\"\" class=\"wp-image-1618\" srcset=\"https:\/\/i0.wp.com\/tenisgiller.com\/blog\/wp-content\/uploads\/2023\/09\/WhatsApp-Gorsel-2023-09-18-saat-20.13.12-5.jpg?w=614&amp;ssl=1 614w, https:\/\/i0.wp.com\/tenisgiller.com\/blog\/wp-content\/uploads\/2023\/09\/WhatsApp-Gorsel-2023-09-18-saat-20.13.12-5.jpg?resize=180%2C300&amp;ssl=1 180w\" sizes=\"auto, (max-width: 614px) 85vw, 614px\" \/><\/figure>\n\n\n\n<figure class=\"wp-block-image size-full\"><img loading=\"lazy\" decoding=\"async\" width=\"665\" height=\"1024\" data-attachment-id=\"1619\" data-permalink=\"https:\/\/tenisgiller.com\/blog\/mainpage\/whatsapp-gorsel-2023-09-18-saat-20-13-13-6\/\" data-orig-file=\"https:\/\/i0.wp.com\/tenisgiller.com\/blog\/wp-content\/uploads\/2023\/09\/WhatsApp-Gorsel-2023-09-18-saat-20.13.13-6.jpg?fit=665%2C1024&amp;ssl=1\" data-orig-size=\"665,1024\" data-comments-opened=\"1\" data-image-meta=\"{&quot;aperture&quot;:&quot;0&quot;,&quot;credit&quot;:&quot;&quot;,&quot;camera&quot;:&quot;&quot;,&quot;caption&quot;:&quot;&quot;,&quot;created_timestamp&quot;:&quot;0&quot;,&quot;copyright&quot;:&quot;&quot;,&quot;focal_length&quot;:&quot;0&quot;,&quot;iso&quot;:&quot;0&quot;,&quot;shutter_speed&quot;:&quot;0&quot;,&quot;title&quot;:&quot;&quot;,&quot;orientation&quot;:&quot;0&quot;}\" data-image-title=\"\" data-image-description=\"\" data-image-caption=\"\" data-large-file=\"https:\/\/i0.wp.com\/tenisgiller.com\/blog\/wp-content\/uploads\/2023\/09\/WhatsApp-Gorsel-2023-09-18-saat-20.13.13-6.jpg?fit=665%2C1024&amp;ssl=1\" data-id=\"1619\" src=\"https:\/\/tenisgiller.com\/blog\/wp-content\/uploads\/2023\/09\/WhatsApp-Gorsel-2023-09-18-saat-20.13.13-6.jpg\" alt=\"\" class=\"wp-image-1619\" srcset=\"https:\/\/i0.wp.com\/tenisgiller.com\/blog\/wp-content\/uploads\/2023\/09\/WhatsApp-Gorsel-2023-09-18-saat-20.13.13-6.jpg?w=665&amp;ssl=1 665w, https:\/\/i0.wp.com\/tenisgiller.com\/blog\/wp-content\/uploads\/2023\/09\/WhatsApp-Gorsel-2023-09-18-saat-20.13.13-6.jpg?resize=195%2C300&amp;ssl=1 195w\" sizes=\"auto, (max-width: 665px) 85vw, 665px\" \/><\/figure>\n\n\n\n<figure class=\"wp-block-image size-full\"><img loading=\"lazy\" decoding=\"async\" width=\"1024\" height=\"912\" data-attachment-id=\"1614\" data-permalink=\"https:\/\/tenisgiller.com\/blog\/mainpage\/whatsapp-gorsel-2023-09-18-saat-20-12-42\/\" data-orig-file=\"https:\/\/i0.wp.com\/tenisgiller.com\/blog\/wp-content\/uploads\/2023\/09\/WhatsApp-Gorsel-2023-09-18-saat-20.12.42.jpg?fit=1024%2C912&amp;ssl=1\" data-orig-size=\"1024,912\" data-comments-opened=\"1\" data-image-meta=\"{&quot;aperture&quot;:&quot;0&quot;,&quot;credit&quot;:&quot;&quot;,&quot;camera&quot;:&quot;&quot;,&quot;caption&quot;:&quot;&quot;,&quot;created_timestamp&quot;:&quot;0&quot;,&quot;copyright&quot;:&quot;&quot;,&quot;focal_length&quot;:&quot;0&quot;,&quot;iso&quot;:&quot;0&quot;,&quot;shutter_speed&quot;:&quot;0&quot;,&quot;title&quot;:&quot;&quot;,&quot;orientation&quot;:&quot;0&quot;}\" data-image-title=\"\" data-image-description=\"\" data-image-caption=\"\" data-large-file=\"https:\/\/i0.wp.com\/tenisgiller.com\/blog\/wp-content\/uploads\/2023\/09\/WhatsApp-Gorsel-2023-09-18-saat-20.12.42.jpg?fit=840%2C748&amp;ssl=1\" data-id=\"1614\" src=\"https:\/\/tenisgiller.com\/blog\/wp-content\/uploads\/2023\/09\/WhatsApp-Gorsel-2023-09-18-saat-20.12.42.jpg\" alt=\"\" class=\"wp-image-1614\" srcset=\"https:\/\/i0.wp.com\/tenisgiller.com\/blog\/wp-content\/uploads\/2023\/09\/WhatsApp-Gorsel-2023-09-18-saat-20.12.42.jpg?w=1024&amp;ssl=1 1024w, https:\/\/i0.wp.com\/tenisgiller.com\/blog\/wp-content\/uploads\/2023\/09\/WhatsApp-Gorsel-2023-09-18-saat-20.12.42.jpg?resize=300%2C267&amp;ssl=1 300w, https:\/\/i0.wp.com\/tenisgiller.com\/blog\/wp-content\/uploads\/2023\/09\/WhatsApp-Gorsel-2023-09-18-saat-20.12.42.jpg?resize=768%2C684&amp;ssl=1 768w\" sizes=\"auto, (max-width: 709px) 85vw, (max-width: 909px) 67vw, (max-width: 1362px) 62vw, 840px\" \/><\/figure>\n<\/figure>\n\n\n\n<p><\/p>\n\n\n\n<p><\/p>\n\n\n\n<p><strong>2022 - 2023 DEFI \u00d6d\u00fclleri<\/strong><\/p>\n\n\n\n<figure class=\"wp-block-video\"><video height=\"544\" style=\"aspect-ratio: 976 \/ 544;\" width=\"976\" controls src=\"https:\/\/tenisgiller.com\/blog\/wp-content\/uploads\/2023\/05\/2022-2023-DEFI-3.mp4\"><\/video><\/figure>\n\n\n\n<p><\/p>\n\n\n\n<p><a href=\"https:\/\/drive.google.com\/file\/d\/1RGDuG98thjvauu7gN44FuiJRXQRNn2ba\/view?usp=sharing\" data-type=\"URL\" data-id=\"https:\/\/drive.google.com\/file\/d\/1RGDuG98thjvauu7gN44FuiJRXQRNn2ba\/view?usp=sharing\">2022-23 K\u0131\u015f D\u00f6nemi <\/a><a href=\"https:\/\/drive.google.com\/file\/d\/1RGDuG98thjvauu7gN44FuiJRXQRNn2ba\/view?usp=sharing\" data-type=\"URL\" data-id=\"https:\/\/drive.google.com\/file\/d\/1RGDuG98thjvauu7gN44FuiJRXQRNn2ba\/view?usp=sharing\" target=\"_blank\" rel=\"noreferrer noopener\">Kapal\u0131 <\/a><a href=\"https:\/\/drive.google.com\/file\/d\/1RGDuG98thjvauu7gN44FuiJRXQRNn2ba\/view?usp=sharing\" data-type=\"URL\" data-id=\"https:\/\/drive.google.com\/file\/d\/1RGDuG98thjvauu7gN44FuiJRXQRNn2ba\/view?usp=sharing\">Kort \u00dccretleri<\/a><\/p>\n\n\n\n<p><\/p>\n\n\n\n-->\n\n\n\n<hr class=\"wp-block-separator has-css-opacity\"\/>\n\n\n\n<!--<p>2019-2020 Erkek Single DEF\u0130 Turnuvas\u0131'na <strong>Orhan Kemal \u015eu\u015fut<\/strong>'un ad\u0131 verilmi\u015ftir.<\/p>-->\n\n\n\n<!--<figure class=\"wp-block-table\"><table><tbody><tr><td><img loading=\"lazy\" decoding=\"async\" data-attachment-id=\"731\" data-permalink=\"https:\/\/tenisgiller.com\/blog\/mainpage\/whatsapp-image-2019-09-30-at-21-33-24\/\" data-orig-file=\"https:\/\/i0.wp.com\/tenisgiller.com\/blog\/wp-content\/uploads\/2019\/10\/WhatsApp-Image-2019-09-30-at-21.33.24.jpeg?fit=689%2C1024&amp;ssl=1\" data-orig-size=\"689,1024\" data-comments-opened=\"1\" data-image-meta=\"{&quot;aperture&quot;:&quot;0&quot;,&quot;credit&quot;:&quot;&quot;,&quot;camera&quot;:&quot;&quot;,&quot;caption&quot;:&quot;&quot;,&quot;created_timestamp&quot;:&quot;0&quot;,&quot;copyright&quot;:&quot;&quot;,&quot;focal_length&quot;:&quot;0&quot;,&quot;iso&quot;:&quot;0&quot;,&quot;shutter_speed&quot;:&quot;0&quot;,&quot;title&quot;:&quot;&quot;,&quot;orientation&quot;:&quot;0&quot;}\" data-image-title=\"Orhan Susut\" data-image-description=\"\" data-image-caption=\"\" data-large-file=\"https:\/\/i0.wp.com\/tenisgiller.com\/blog\/wp-content\/uploads\/2019\/10\/WhatsApp-Image-2019-09-30-at-21.33.24.jpeg?fit=689%2C1024&amp;ssl=1\" class=\"alignnone size-medium wp-image-731\" src=\"https:\/\/tenisgiller.com\/blog\/wp-content\/uploads\/2019\/10\/WhatsApp-Image-2019-09-30-at-21.33.24-202x300.jpeg\" alt=\"\" width=\"202\" height=\"300\" srcset=\"https:\/\/i0.wp.com\/tenisgiller.com\/blog\/wp-content\/uploads\/2019\/10\/WhatsApp-Image-2019-09-30-at-21.33.24.jpeg?resize=202%2C300&amp;ssl=1 202w, https:\/\/i0.wp.com\/tenisgiller.com\/blog\/wp-content\/uploads\/2019\/10\/WhatsApp-Image-2019-09-30-at-21.33.24.jpeg?w=689&amp;ssl=1 689w\" sizes=\"auto, (max-width: 202px) 85vw, 202px\" \/><\/td><td><img loading=\"lazy\" decoding=\"async\" data-attachment-id=\"730\" data-permalink=\"https:\/\/tenisgiller.com\/blog\/mainpage\/whatsapp-image-2019-09-30-at-21-37-10\/\" data-orig-file=\"https:\/\/i0.wp.com\/tenisgiller.com\/blog\/wp-content\/uploads\/2019\/10\/WhatsApp-Image-2019-09-30-at-21.37.10.jpeg?fit=883%2C590&amp;ssl=1\" data-orig-size=\"883,590\" data-comments-opened=\"1\" data-image-meta=\"{&quot;aperture&quot;:&quot;0&quot;,&quot;credit&quot;:&quot;&quot;,&quot;camera&quot;:&quot;&quot;,&quot;caption&quot;:&quot;&quot;,&quot;created_timestamp&quot;:&quot;0&quot;,&quot;copyright&quot;:&quot;&quot;,&quot;focal_length&quot;:&quot;0&quot;,&quot;iso&quot;:&quot;0&quot;,&quot;shutter_speed&quot;:&quot;0&quot;,&quot;title&quot;:&quot;&quot;,&quot;orientation&quot;:&quot;0&quot;}\" data-image-title=\"Double\" data-image-description=\"\" data-image-caption=\"\" data-large-file=\"https:\/\/i0.wp.com\/tenisgiller.com\/blog\/wp-content\/uploads\/2019\/10\/WhatsApp-Image-2019-09-30-at-21.37.10.jpeg?fit=840%2C561&amp;ssl=1\" class=\"wp-image-730 alignnone\" src=\"https:\/\/tenisgiller.com\/blog\/wp-content\/uploads\/2019\/10\/WhatsApp-Image-2019-09-30-at-21.37.10-300x200.jpeg\" alt=\"\" width=\"449\" height=\"300\" srcset=\"https:\/\/i0.wp.com\/tenisgiller.com\/blog\/wp-content\/uploads\/2019\/10\/WhatsApp-Image-2019-09-30-at-21.37.10.jpeg?resize=300%2C200&amp;ssl=1 300w, https:\/\/i0.wp.com\/tenisgiller.com\/blog\/wp-content\/uploads\/2019\/10\/WhatsApp-Image-2019-09-30-at-21.37.10.jpeg?resize=768%2C513&amp;ssl=1 768w, https:\/\/i0.wp.com\/tenisgiller.com\/blog\/wp-content\/uploads\/2019\/10\/WhatsApp-Image-2019-09-30-at-21.37.10.jpeg?w=883&amp;ssl=1 883w\" sizes=\"auto, (max-width: 449px) 85vw, 449px\" \/><\/td><\/tr><\/tbody><\/table><\/figure>-->\n\n\n\n<p><!--<p>ORHAN KEMAL \u015eU\u015eUT<br>21.07.1921 - 07.09.2009<\/p>--><\/p>\n\n\n\n<p><!--<p>Selanik\u2019li bir ailenin en k\u00fc\u00e7\u00fck o\u011flu olarak Kayseri\u2019de d\u00fcnyaya geldi. \u00c7ocuklu\u011fu Ankara ve \u0130zmir\u2019de ge\u00e7ti. K\u00fc\u00e7\u00fck ya\u015fta babas\u0131n\u0131 kaybetti. Ankara Koleji, Ziraat ve Hukuk Fak\u00fcltelerine devam etti.<br>\u0130\u015f hayat\u0131na Sigortac\u0131l\u0131k ile ba\u015flay\u0131p g\u00f6n\u00fcl verdi\u011fi matbaac\u0131l\u0131k ile devam etti.<br>Spora Kolej y\u0131llar\u0131nda voleybol, boks yaparak ba\u015flad\u0131. Sonraki y\u0131llarda k\u00fcrek sporu ile ilgilendikten sonra \u00e7ok severek oynamaya ba\u015flad\u0131\u011f\u0131 tenis son anlar\u0131na kadar en b\u00fcy\u00fck tutkusu oldu.<br>Ankara, \u0130stanbul (Ye\u015filk\u00f6y-Ye\u015filyurt)\u2019da \u00f6m\u00fcr boyu oynad\u0131\u011f\u0131 tenisi b\u00fcy\u00fck, k\u00fc\u00e7\u00fck herkese sevdirmek i\u00e7in \u00e7aba harcad\u0131. \u201cTenis oynaman\u0131n ya\u015f\u0131 yoktur\u201d derdi.<br>YSK\u2019da tenis ba\u015fkanl\u0131\u011f\u0131 yapt\u0131. Bu g\u00f6rev s\u0131ras\u0131nda kul\u00fcb\u00fcn y\u0131ld\u0131z oyuncu \u00e7\u0131karmas\u0131 i\u00e7in \u00e7ok emek harcad\u0131.<br>\u00c7ok ge\u00e7 ya\u015fa kadar tenis oynad\u0131, b\u0131rakmak zorunda kald\u0131\u011f\u0131nda kul\u00fcpteki k\u00f6\u015fesinden bu \u00e7ok sevdi\u011fi sporu seyirci olarak izlemeye devam etti.<br>Kul\u00fcb\u00fcn\u00fc \u00e7ok sevdi. Da\u011f\u0131tt\u0131\u011f\u0131 \u015fekerler gibi arkas\u0131nda g\u00fczel bir iz b\u0131rakarak 2009 y\u0131l\u0131nda aram\u0131zdan ayr\u0131ld\u0131.<\/p>--><\/p>\n","protected":false},"excerpt":{"rendered":"<p>Tenisgiller sitesine ho\u015f geldiniz.Men\u00fcy\u00fc kullanarak site i\u00e7eriklerine ula\u015fabilirsiniz. 2025\/26 DEF\u0130 SEZONUNA MERHUM A\u011eABEY\u0130M\u0130Z H\u00dcSEY\u0130N SONG\u00dcL&#8217;\u00dcN ADI VER\u0130LM\u0130\u015eT\u0130R. KEND\u0130S\u0130N\u0130 SAYGIYLA ANIYORUZ.<\/p>\n","protected":false},"author":1,"featured_media":0,"parent":0,"menu_order":0,"comment_status":"closed","ping_status":"closed","template":"","meta":{"jetpack_post_was_ever_published":false,"footnotes":""},"class_list":["post-234","page","type-page","status-publish","hentry"],"jetpack_shortlink":"https:\/\/wp.me\/P9JVe7-3M","jetpack_likes_enabled":true,"jetpack-related-posts":[],"jetpack_sharing_enabled":true,"_links":{"self":[{"href":"https:\/\/tenisgiller.com\/blog\/wp-json\/wp\/v2\/pages\/234","targetHints":{"allow":["GET"]}}],"collection":[{"href":"https:\/\/tenisgiller.com\/blog\/wp-json\/wp\/v2\/pages"}],"about":[{"href":"https:\/\/tenisgiller.com\/blog\/wp-json\/wp\/v2\/types\/page"}],"author":[{"embeddable":true,"href":"https:\/\/tenisgiller.com\/blog\/wp-json\/wp\/v2\/users\/1"}],"replies":[{"embeddable":true,"href":"https:\/\/tenisgiller.com\/blog\/wp-json\/wp\/v2\/comments?post=234"}],"version-history":[{"count":40,"href":"https:\/\/tenisgiller.com\/blog\/wp-json\/wp\/v2\/pages\/234\/revisions"}],"predecessor-version":[{"id":1838,"href":"https:\/\/tenisgiller.com\/blog\/wp-json\/wp\/v2\/pages\/234\/revisions\/1838"}],"wp:attachment":[{"href":"https:\/\/tenisgiller.com\/blog\/wp-json\/wp\/v2\/media?parent=234"}],"curies":[{"name":"wp","href":"https:\/\/api.w.org\/{rel}","templated":true}]}}