{"id":287,"date":"2018-06-15T16:34:59","date_gmt":"2018-06-15T13:34:59","guid":{"rendered":"http:\/\/tenisgiller.com\/blog\/?page_id=287"},"modified":"2024-04-16T07:28:20","modified_gmt":"2024-04-16T04:28:20","slug":"gunluk-liste","status":"publish","type":"page","link":"https:\/\/tenisgiller.com\/blog\/gunluk-liste\/","title":{"rendered":"G\u00fcnl\u00fck Liste"},"content":{"rendered":"<table style=\"border: none;\">\n<tbody>\n<tr style=\"border: none;\">\n<td class=\"vertical-align: top;\" style=\"border: none;\">Bak\u0131rk\u00f6y, \u0130stanbul<br \/><img loading=\"lazy\" decoding=\"async\" src=\"https:\/\/www.mgm.gov.tr\/sunum\/sondurum-show-2.aspx?m=BAKIRKOY\" alt=\"\" width=\"140\" height=\"100\" \/><a href=\"https:\/\/www.mgm.gov.tr\/?il=Istanbul&amp;ilce=Bakirk%C3%B6y\" target=\"_blank\" rel=\"noopener noreferrer\"><img loading=\"lazy\" decoding=\"async\" style=\"width: 400px; height: 100px;\" src=\"http:\/\/www.mgm.gov.tr\/sunum\/tahmin-show-2.aspx?m=BAKIRKOY&amp;basla=1&amp;bitir=5\" alt=\"Bak\u0131rk\u00f6y\" width=\"400\" height=\"100\" \/><\/a><\/td>\n<\/tr>\n<\/tbody>\n<\/table>\n<p>Rezervasyon yapmak i\u00e7in <a href=\"https:\/\/tenisgiller.com\/blog\/rezervasyon\/\">t\u0131klay\u0131n\u0131z<\/a>. Rezervasyon iptali i\u00e7in <a href=\"https:\/\/tenisgiller.com\/blog\/rezervasyon-iptal\/\">t\u0131klay\u0131n\u0131z<\/a>.<\/p>\n<p><!--\n\n<p><span style=\"color: #ff0000;\">1 Ekim 2022 itibariyle k\u0131\u015f sezonu ba\u015flayacak olup, yaz sezonu i\u00e7in kullan\u0131lan online rezervasyon sistemi bu tarih itibariyle kullan\u0131lmayacakt\u0131r. 1 Ekim 2022'den itibaren bo\u015f olan saatler i\u00e7in rezervasyonlar\u0131n\u0131z\u0131 tenis odas\u0131n\u0131 arayarak yapabilirsiniz. K\u0131\u015f kortu talepleriniz i\u00e7in Tenis Odas\u0131'ndan temin edece\u011finiz formu doldurman\u0131z gerekmektedir.\u00a0<\/span><\/p>\n\n--><\/p>\n<!--\n<p><a href=\"https:\/\/drive.google.com\/file\/d\/1yonS0X5Pp5BnNUOdCpZG4JT_bGPCJI5Y\/view?usp=sharing\" target=\"_blank\" rel=\"noopener\">2022-23 YSK K\u0131\u015f Kortlar\u0131 dosyas\u0131n\u0131 g\u00f6r\u00fcnt\u00fclemek i\u00e7in t\u0131klay\u0131n\u0131z.<\/a><\/p>\n-->\n<p><a name=\"detay\"><\/a><br \/><script id=\"wg_fwdg_90216_3_1534396178282\"><br \/>\n(function (window, document) {<br \/>\n  var loader = function () {<br \/>\n    var arg = [\"s=90216\",\"m=3\",\"uid=wg_fwdg_90216_3_1534396178282\",\"wj=kmh\",\"tj=c\",\"odh=0\",\"doh=24\",\"fhours=96\",\"vt=forecasts\",<br \/>\n   \"p=WINDSPD,GUST,MWINDSPD,SMER,TMPE,FLHGT,CDC,TCDC,APCPs,SLP,RH,RATING\"];<br \/>\n    var script = document.createElement(\"script\");<br \/>\n    var tag = document.getElementsByTagName(\"script\")[0];<br \/>\n    script.src = \"https:\/\/www.windguru.cz\/js\/widget.php?\"+(arg.join(\"&\"));<br \/>\n    tag.parentNode.insertBefore(script, tag);<br \/>\n  };<br \/>\n  window.addEventListener ? window.addEventListener(\"load\", loader, false) : window.attachEvent(\"onload\", loader);<br \/>\n})(window, document);<br \/>\n<\/script><\/p>\n\n\n\n<p><\/p>\n","protected":false},"excerpt":{"rendered":"<p>Bak\u0131rk\u00f6y, \u0130stanbul Rezervasyon yapmak i\u00e7in t\u0131klay\u0131n\u0131z. Rezervasyon iptali i\u00e7in t\u0131klay\u0131n\u0131z.<\/p>\n","protected":false},"author":1,"featured_media":0,"parent":0,"menu_order":0,"comment_status":"closed","ping_status":"closed","template":"","meta":{"jetpack_post_was_ever_published":false,"footnotes":""},"class_list":["post-287","page","type-page","status-publish","hentry"],"jetpack_shortlink":"https:\/\/wp.me\/P9JVe7-4D","jetpack_likes_enabled":true,"jetpack-related-posts":[],"jetpack_sharing_enabled":true,"_links":{"self":[{"href":"https:\/\/tenisgiller.com\/blog\/wp-json\/wp\/v2\/pages\/287","targetHints":{"allow":["GET"]}}],"collection":[{"href":"https:\/\/tenisgiller.com\/blog\/wp-json\/wp\/v2\/pages"}],"about":[{"href":"https:\/\/tenisgiller.com\/blog\/wp-json\/wp\/v2\/types\/page"}],"author":[{"embeddable":true,"href":"https:\/\/tenisgiller.com\/blog\/wp-json\/wp\/v2\/users\/1"}],"replies":[{"embeddable":true,"href":"https:\/\/tenisgiller.com\/blog\/wp-json\/wp\/v2\/comments?post=287"}],"version-history":[{"count":58,"href":"https:\/\/tenisgiller.com\/blog\/wp-json\/wp\/v2\/pages\/287\/revisions"}],"predecessor-version":[{"id":1676,"href":"https:\/\/tenisgiller.com\/blog\/wp-json\/wp\/v2\/pages\/287\/revisions\/1676"}],"wp:attachment":[{"href":"https:\/\/tenisgiller.com\/blog\/wp-json\/wp\/v2\/media?parent=287"}],"curies":[{"name":"wp","href":"https:\/\/api.w.org\/{rel}","templated":true}]}}