{"id":307,"date":"2018-06-23T13:18:25","date_gmt":"2018-06-23T10:18:25","guid":{"rendered":"http:\/\/tenisgiller.com\/blog\/?page_id=307"},"modified":"2018-06-23T13:30:30","modified_gmt":"2018-06-23T10:30:30","slug":"rezervasyon-sistemi-hakkinda","status":"publish","type":"page","link":"https:\/\/tenisgiller.com\/blog\/rezervasyon-sistemi-hakkinda\/","title":{"rendered":"Rezervasyon Sistemi Hakk\u0131nda"},"content":{"rendered":"<p>Rezervasyon sistemi kurallar\u0131n\u0131 okumak i\u00e7in <a href=\"https:\/\/goo.gl\/AzYAXo\" target=\"_blank\" rel=\"noopener\">t\u0131klay\u0131n\u0131z<\/a>.<\/p>\n","protected":false},"excerpt":{"rendered":"<p>Rezervasyon sistemi kurallar\u0131n\u0131 okumak i\u00e7in t\u0131klay\u0131n\u0131z.<\/p>\n","protected":false},"author":1,"featured_media":0,"parent":0,"menu_order":0,"comment_status":"closed","ping_status":"closed","template":"","meta":{"jetpack_post_was_ever_published":false,"footnotes":""},"class_list":["post-307","page","type-page","status-publish","hentry"],"jetpack_shortlink":"https:\/\/wp.me\/P9JVe7-4X","jetpack_likes_enabled":true,"jetpack-related-posts":[],"jetpack_sharing_enabled":true,"_links":{"self":[{"href":"https:\/\/tenisgiller.com\/blog\/wp-json\/wp\/v2\/pages\/307","targetHints":{"allow":["GET"]}}],"collection":[{"href":"https:\/\/tenisgiller.com\/blog\/wp-json\/wp\/v2\/pages"}],"about":[{"href":"https:\/\/tenisgiller.com\/blog\/wp-json\/wp\/v2\/types\/page"}],"author":[{"embeddable":true,"href":"https:\/\/tenisgiller.com\/blog\/wp-json\/wp\/v2\/users\/1"}],"replies":[{"embeddable":true,"href":"https:\/\/tenisgiller.com\/blog\/wp-json\/wp\/v2\/comments?post=307"}],"version-history":[{"count":2,"href":"https:\/\/tenisgiller.com\/blog\/wp-json\/wp\/v2\/pages\/307\/revisions"}],"predecessor-version":[{"id":310,"href":"https:\/\/tenisgiller.com\/blog\/wp-json\/wp\/v2\/pages\/307\/revisions\/310"}],"wp:attachment":[{"href":"https:\/\/tenisgiller.com\/blog\/wp-json\/wp\/v2\/media?parent=307"}],"curies":[{"name":"wp","href":"https:\/\/api.w.org\/{rel}","templated":true}]}}