{"id":40,"date":"2017-12-28T10:19:16","date_gmt":"2017-12-28T08:19:16","guid":{"rendered":"http:\/\/tenisgiller.com\/blog\/?page_id=40"},"modified":"2019-09-14T15:26:27","modified_gmt":"2019-09-14T12:26:27","slug":"statistic","status":"publish","type":"page","link":"https:\/\/tenisgiller.com\/blog\/statistic\/","title":{"rendered":"Eski DEF\u0130 Ma\u00e7 Sonu\u00e7lar\u0131"},"content":{"rendered":"<p>2012&#8217;den bu yana her y\u0131l d\u00fczenli olarak yap\u0131lan YSK Erkek Single DEF\u0130 turnuvas\u0131 ma\u00e7 sonu\u00e7lar\u0131na bu sayfadan ula\u015fabilirsiniz.<\/p>\n\n","protected":false},"excerpt":{"rendered":"<p>2012&#8217;den bu yana her y\u0131l d\u00fczenli olarak yap\u0131lan YSK Erkek Single DEF\u0130 turnuvas\u0131 ma\u00e7 sonu\u00e7lar\u0131na bu sayfadan ula\u015fabilirsiniz.<\/p>\n","protected":false},"author":1,"featured_media":0,"parent":0,"menu_order":0,"comment_status":"closed","ping_status":"closed","template":"","meta":{"jetpack_post_was_ever_published":false,"footnotes":""},"class_list":["post-40","page","type-page","status-publish","hentry"],"jetpack_shortlink":"https:\/\/wp.me\/P9JVe7-E","jetpack_likes_enabled":true,"jetpack-related-posts":[],"jetpack_sharing_enabled":true,"_links":{"self":[{"href":"https:\/\/tenisgiller.com\/blog\/wp-json\/wp\/v2\/pages\/40","targetHints":{"allow":["GET"]}}],"collection":[{"href":"https:\/\/tenisgiller.com\/blog\/wp-json\/wp\/v2\/pages"}],"about":[{"href":"https:\/\/tenisgiller.com\/blog\/wp-json\/wp\/v2\/types\/page"}],"author":[{"embeddable":true,"href":"https:\/\/tenisgiller.com\/blog\/wp-json\/wp\/v2\/users\/1"}],"replies":[{"embeddable":true,"href":"https:\/\/tenisgiller.com\/blog\/wp-json\/wp\/v2\/comments?post=40"}],"version-history":[{"count":8,"href":"https:\/\/tenisgiller.com\/blog\/wp-json\/wp\/v2\/pages\/40\/revisions"}],"predecessor-version":[{"id":686,"href":"https:\/\/tenisgiller.com\/blog\/wp-json\/wp\/v2\/pages\/40\/revisions\/686"}],"wp:attachment":[{"href":"https:\/\/tenisgiller.com\/blog\/wp-json\/wp\/v2\/media?parent=40"}],"curies":[{"name":"wp","href":"https:\/\/api.w.org\/{rel}","templated":true}]}}