{"id":42,"date":"2017-12-28T10:19:35","date_gmt":"2017-12-28T08:19:35","guid":{"rendered":"http:\/\/tenisgiller.com\/blog\/?page_id=42"},"modified":"2021-10-26T15:26:51","modified_gmt":"2021-10-26T12:26:51","slug":"about","status":"publish","type":"page","link":"https:\/\/tenisgiller.com\/blog\/about\/","title":{"rendered":"Erkek DEF\u0130 Single Kurallar \/ S\u0131k\u00e7a Sorulan Sorular"},"content":{"rendered":"<p>Kurallar i\u00e7in <a href=\"https:\/\/docs.google.com\/document\/d\/e\/2PACX-1vQZFVEaMpg_5dNWDASsBSwgqVJpsox7V8TJ-kb2bebjCEGBcSN9k_oj_FD-u-eANw\/pub\" target=\"_blank\" rel=\"noopener\">t\u0131klay\u0131n\u0131z.<\/a><\/p>\n<p>S\u0131k\u00e7a Sorulan Sorular i\u00e7in <a href=\"https:\/\/docs.google.com\/document\/d\/e\/2PACX-1vTtTcxTpU0oyaRFJ9NfPtsat4EcDLXJ8cpPKW90AsJCNn5_s3SOUuKG-dALraGa6k6bcS05DEEGvu91\/pub\" target=\"_blank\" rel=\"noopener\">t\u0131klay\u0131n\u0131z.<\/a><\/p>\n<p><!--[ wbcr_php_snippet id=\"333\" ]\n\n--><\/p>\n","protected":false},"excerpt":{"rendered":"<p>Kurallar i\u00e7in t\u0131klay\u0131n\u0131z. S\u0131k\u00e7a Sorulan Sorular i\u00e7in t\u0131klay\u0131n\u0131z.<\/p>\n","protected":false},"author":1,"featured_media":0,"parent":0,"menu_order":0,"comment_status":"closed","ping_status":"closed","template":"","meta":{"jetpack_post_was_ever_published":false,"footnotes":""},"class_list":["post-42","page","type-page","status-publish","hentry"],"jetpack_shortlink":"https:\/\/wp.me\/P9JVe7-G","jetpack_likes_enabled":true,"jetpack-related-posts":[],"jetpack_sharing_enabled":true,"_links":{"self":[{"href":"https:\/\/tenisgiller.com\/blog\/wp-json\/wp\/v2\/pages\/42","targetHints":{"allow":["GET"]}}],"collection":[{"href":"https:\/\/tenisgiller.com\/blog\/wp-json\/wp\/v2\/pages"}],"about":[{"href":"https:\/\/tenisgiller.com\/blog\/wp-json\/wp\/v2\/types\/page"}],"author":[{"embeddable":true,"href":"https:\/\/tenisgiller.com\/blog\/wp-json\/wp\/v2\/users\/1"}],"replies":[{"embeddable":true,"href":"https:\/\/tenisgiller.com\/blog\/wp-json\/wp\/v2\/comments?post=42"}],"version-history":[{"count":7,"href":"https:\/\/tenisgiller.com\/blog\/wp-json\/wp\/v2\/pages\/42\/revisions"}],"predecessor-version":[{"id":1266,"href":"https:\/\/tenisgiller.com\/blog\/wp-json\/wp\/v2\/pages\/42\/revisions\/1266"}],"wp:attachment":[{"href":"https:\/\/tenisgiller.com\/blog\/wp-json\/wp\/v2\/media?parent=42"}],"curies":[{"name":"wp","href":"https:\/\/api.w.org\/{rel}","templated":true}]}}