{"id":54,"date":"2017-12-28T11:46:41","date_gmt":"2017-12-28T08:46:41","guid":{"rendered":"http:\/\/tenisgiller.com\/blog\/?page_id=54"},"modified":"2022-04-19T10:55:05","modified_gmt":"2022-04-19T07:55:05","slug":"mixed-defi","status":"publish","type":"page","link":"https:\/\/tenisgiller.com\/blog\/mixed-defi\/","title":{"rendered":"Mixed DEF\u0130"},"content":{"rendered":"\n<p>Rezervasyon taleplerinizi <a href=\"https:\/\/forms.gle\/EH46SvozBBEnkPKS7\" target=\"_blank\" rel=\"noopener\">formu doldurarak<\/a> iletebilirsiniz. Ma\u00e7 yapacak tak\u0131mlar\u0131n oynayacaklar\u0131 g\u00fcn konusunda anla\u015ft\u0131ktan sonra formun doldurulmas\u0131 gerekmektedir. Rezervasyon taleplerini g\u00f6r\u00fcnt\u00fclemek i\u00e7in <a href=\"https:\/\/docs.google.com\/spreadsheets\/d\/1M_P2VU8ihhCjUioc-KAf3CvfXr22_CMiXMwezUXc410\/edit?usp=sharing\" target=\"_blank\" rel=\"noopener\">t\u0131klay\u0131n\u0131z<\/a>.<\/p>\n<p>Kort tahsislerini g\u00f6r\u00fcnt\u00fclemek i\u00e7in <a href=\"https:\/\/tenisgiller.com\/blog\/mensinglecourt\/\">t\u0131klay\u0131n\u0131z.<\/a><\/p>\n\n<hr>\n<p><b>Kurallar<\/b><\/p>\n<p>Ma\u00e7larda karar say\u0131s\u0131 (avantaj olmayacak) ve setlerin 1-1 olmas\u0131 durumunda son set super tie-break (10 puanl\u0131 tie-break) \u015feklinde oynan\u0131r. Ma\u00e7 skorlar\u0131 &#8220;Mixed doubles 2022&#8221; Whatsapp grubuna g\u00f6nderilir.<\/p>\n<a href=\"https:\/\/shorturl.at\/deEOR\" target=\"_blank\" rel=\"noopener\">Turnuva sistemi i\u00e7in t\u0131klay\u0131n\u0131z.<\/a>\n<!--\n<p>\u00c7eyrekfinalde A grubunun birincisi B grubunun d\u00f6rd\u00fcnc\u00fcs\u00fc ile, A grubunun ikincisi B grubunun \u00fc\u00e7\u00fcnc\u00fcs\u00fc ile, A grubunun \u00fc\u00e7\u00fcnc\u00fcs\u00fc B grubunun ikincisi ile, A grubunun d\u00f6rd\u00fcnc\u00fcs\u00fc B grubunun birincisi ile kar\u015f\u0131la\u015facak.<\/p>\n-->\n","protected":false},"excerpt":{"rendered":"<p>Rezervasyon taleplerinizi formu doldurarak iletebilirsiniz. Ma\u00e7 yapacak tak\u0131mlar\u0131n oynayacaklar\u0131 g\u00fcn konusunda anla\u015ft\u0131ktan sonra formun doldurulmas\u0131 gerekmektedir. Rezervasyon taleplerini g\u00f6r\u00fcnt\u00fclemek i\u00e7in t\u0131klay\u0131n\u0131z. Kort tahsislerini g\u00f6r\u00fcnt\u00fclemek i\u00e7in t\u0131klay\u0131n\u0131z. Kurallar Ma\u00e7larda karar say\u0131s\u0131 (avantaj olmayacak) ve setlerin 1-1 olmas\u0131 durumunda son set super tie-break (10 puanl\u0131 tie-break) \u015feklinde oynan\u0131r. Ma\u00e7 skorlar\u0131 &#8220;Mixed doubles 2022&#8221; Whatsapp grubuna g\u00f6nderilir. Turnuva &hellip; <a href=\"https:\/\/tenisgiller.com\/blog\/mixed-defi\/\" class=\"more-link\">Okumaya devam et<span class=\"screen-reader-text\"> &#8220;Mixed DEF\u0130&#8221;<\/span><\/a><\/p>\n","protected":false},"author":1,"featured_media":0,"parent":0,"menu_order":0,"comment_status":"closed","ping_status":"closed","template":"","meta":{"footnotes":""},"class_list":["post-54","page","type-page","status-publish","hentry"],"jetpack_shortlink":"https:\/\/wp.me\/P9JVe7-S","jetpack_likes_enabled":true,"jetpack-related-posts":[],"jetpack_sharing_enabled":true,"_links":{"self":[{"href":"https:\/\/tenisgiller.com\/blog\/wp-json\/wp\/v2\/pages\/54","targetHints":{"allow":["GET"]}}],"collection":[{"href":"https:\/\/tenisgiller.com\/blog\/wp-json\/wp\/v2\/pages"}],"about":[{"href":"https:\/\/tenisgiller.com\/blog\/wp-json\/wp\/v2\/types\/page"}],"author":[{"embeddable":true,"href":"https:\/\/tenisgiller.com\/blog\/wp-json\/wp\/v2\/users\/1"}],"replies":[{"embeddable":true,"href":"https:\/\/tenisgiller.com\/blog\/wp-json\/wp\/v2\/comments?post=54"}],"version-history":[{"count":27,"href":"https:\/\/tenisgiller.com\/blog\/wp-json\/wp\/v2\/pages\/54\/revisions"}],"predecessor-version":[{"id":1353,"href":"https:\/\/tenisgiller.com\/blog\/wp-json\/wp\/v2\/pages\/54\/revisions\/1353"}],"wp:attachment":[{"href":"https:\/\/tenisgiller.com\/blog\/wp-json\/wp\/v2\/media?parent=54"}],"curies":[{"name":"wp","href":"https:\/\/api.w.org\/{rel}","templated":true}]}}