{"id":577,"date":"2019-04-20T15:12:00","date_gmt":"2019-04-20T12:12:00","guid":{"rendered":"http:\/\/tenisgiller.com\/blog\/?page_id=577"},"modified":"2026-04-22T13:42:13","modified_gmt":"2026-04-22T10:42:13","slug":"rezervasyon","status":"publish","type":"page","link":"https:\/\/tenisgiller.com\/blog\/rezervasyon\/","title":{"rendered":"Rezervasyon"},"content":{"rendered":"\n<p class=\"has-medium-font-size\"><\/p>\n\n\n\n<div class=\"wp-block-group\"><div class=\"wp-block-group__inner-container is-layout-flow wp-block-group-is-layout-flow\">\n<!--\n<p><span style=\"color: #ff0000;\">Rezervasyon sistemi \u00f6n\u00fcm\u00fczdeki g\u00fcnlerde a\u00e7\u0131lacakt\u0131r. \u0130\u015flemlerinizi tenis odas\u0131ndan yapabilirsiniz.<\/p>\n\n\n<p><span style=\"color: #ff0000;\">1 Ekim 2022 itibariyle k\u0131\u015f sezonu ba\u015flayacak olup, yaz sezonu i\u00e7in kullan\u0131lan online rezervasyon sistemi bu tarih itibariyle kullan\u0131lmayacakt\u0131r. 1 Ekim 2022'den itibaren bo\u015f olan saatler i\u00e7in rezervasyonlar\u0131n\u0131z\u0131 tenis odas\u0131n\u0131 arayarak yapabilirsiniz. K\u0131\u015f kortu talepleriniz i\u00e7in Tenis Odas\u0131'ndan temin edece\u011finiz formu doldurman\u0131z gerekmektedir.&nbsp;<\/span><\/p>-->\n<!-- -->\n<p>Rezervasyon taleplerinizi 0212 573 73 74 dahili 4 tu\u015flayarak Tenis odas\u0131na iletebilir ya da a\u015fa\u011f\u0131daki rezervasyon formunu kullabilirsiniz. Rezervasyon formunu kullanmak i\u00e7in \u00f6nce a\u015fa\u011f\u0131daki a\u00e7\u0131klamalar b\u00f6l\u00fcm\u00fcn\u00fc okuyunuz.<\/p>\n\n<h2>A\u00e7\u0131klamalar<\/h2>\n<ol><li>Kort rezervasyon sistemini kullanabilmek i\u00e7in yaz kortu al\u0131nm\u0131\u015f ve Tenisgiller sitesine kullan\u0131c\u0131 kodu ve \u015fifreyle giri\u015f yap\u0131lm\u0131\u015f olmas\u0131 gerekmektedir. Yaz kortu almayanlar, hocalar, misafirler vs. daha \u00f6nce oldu\u011fu gibi Tenis Odas\u0131n\u0131 telefonla (0212 573 73 74 dahili 4) arayarak rezervasyon yapabilirler.<\/li><li>E\u011fer daha \u00f6nce yap\u0131lmad\u0131ysa Tenisgiller hesab\u0131 ile reservasyon sisteminde <a href=\"https:\/\/tenisgiller.com\/blog\/kullanici-eslestirme\/\">e\u015fle\u015ftirme<\/a> yap\u0131lmal\u0131d\u0131r.<\/li><li>E\u011fer e\u015fle\u015ftirme i\u015flemini ba\u015fka bir oyuncu ad\u0131n\u0131 se\u00e7erek yapt\u0131ysan\u0131z <a href=\"https:\/\/tenisgiller.com\/blog\/kullanici-eslestirme-iptal\/\">e\u015fle\u015ftirmeyi iptal<\/a> etmelisiniz.<\/li><li>Rezervasyon oyuncunun kendisi ve yaz kortu olan ba\u015fka bir oyuncu i\u00e7in yap\u0131l\u0131r. <\/li><li>Oyuncu ayn\u0131 g\u00fcn i\u00e7in birden fazla saat i\u00e7in kort rezervasyonu yapamaz. \u0130leri tarihte rezervasyonu varsa, ancak ileri tarihteki ma\u00e7 ger\u00e7ekle\u015ftikten ya da ileri tarihli rezervasyon iptal edildikten sonra ba\u015fka bir saate kort rezervasyonu yap\u0131labilir.<\/li><li>Rezervasyon yap\u0131ld\u0131ktan sonra tabloda g\u00f6r\u00fcnmesi i\u00e7in 5 dk. kadar bir s\u00fcre ge\u00e7mesi gerekmektedir. <\/li><\/ol>\n<font color=\"red\">9. kort (padel kortu) rezervasyonlar\u0131n\u0131z i\u00e7in Tenis Odas\u0131 ile g\u00f6r\u00fc\u015f\u00fcn\u00fcz. Padel kortu i\u00e7in sistemden yap\u0131lan rezervasyonlar iptal edilecektir.<br\/>\nSaat 00:00-01:00 aras\u0131nda rezervasyon i\u015flemi yapmay\u0131n\u0131z. Bu zaman aral\u0131\u011f\u0131nda yap\u0131lan rezervasyon i\u015flemleri sistemden silinebilir.<\/font>\n\nError: user not logged id!\n\n\n\n<p><\/p>\n\n\n\n<p><\/p>\n<\/div><\/div>\n\n\n\n<p><\/p>\n","protected":false},"excerpt":{"rendered":"<p>Rezervasyon taleplerinizi 0212 573 73 74 dahili 4 tu\u015flayarak Tenis odas\u0131na iletebilir ya da a\u015fa\u011f\u0131daki rezervasyon formunu kullabilirsiniz. Rezervasyon formunu kullanmak i\u00e7in \u00f6nce a\u015fa\u011f\u0131daki a\u00e7\u0131klamalar b\u00f6l\u00fcm\u00fcn\u00fc okuyunuz. A\u00e7\u0131klamalar Kort rezervasyon sistemini kullanabilmek i\u00e7in yaz kortu al\u0131nm\u0131\u015f ve Tenisgiller sitesine kullan\u0131c\u0131 kodu ve \u015fifreyle giri\u015f yap\u0131lm\u0131\u015f olmas\u0131 gerekmektedir. Yaz kortu almayanlar, hocalar, misafirler vs. daha \u00f6nce &hellip; <a href=\"https:\/\/tenisgiller.com\/blog\/rezervasyon\/\" class=\"more-link\">Okumaya devam et<span class=\"screen-reader-text\"> &#8220;Rezervasyon&#8221;<\/span><\/a><\/p>\n","protected":false},"author":1,"featured_media":0,"parent":0,"menu_order":0,"comment_status":"closed","ping_status":"closed","template":"","meta":{"jetpack_post_was_ever_published":false,"footnotes":""},"class_list":["post-577","page","type-page","status-publish","hentry"],"jetpack_shortlink":"https:\/\/wp.me\/P9JVe7-9j","jetpack_likes_enabled":true,"jetpack-related-posts":[],"jetpack_sharing_enabled":true,"_links":{"self":[{"href":"https:\/\/tenisgiller.com\/blog\/wp-json\/wp\/v2\/pages\/577","targetHints":{"allow":["GET"]}}],"collection":[{"href":"https:\/\/tenisgiller.com\/blog\/wp-json\/wp\/v2\/pages"}],"about":[{"href":"https:\/\/tenisgiller.com\/blog\/wp-json\/wp\/v2\/types\/page"}],"author":[{"embeddable":true,"href":"https:\/\/tenisgiller.com\/blog\/wp-json\/wp\/v2\/users\/1"}],"replies":[{"embeddable":true,"href":"https:\/\/tenisgiller.com\/blog\/wp-json\/wp\/v2\/comments?post=577"}],"version-history":[{"count":42,"href":"https:\/\/tenisgiller.com\/blog\/wp-json\/wp\/v2\/pages\/577\/revisions"}],"predecessor-version":[{"id":1912,"href":"https:\/\/tenisgiller.com\/blog\/wp-json\/wp\/v2\/pages\/577\/revisions\/1912"}],"wp:attachment":[{"href":"https:\/\/tenisgiller.com\/blog\/wp-json\/wp\/v2\/media?parent=577"}],"curies":[{"name":"wp","href":"https:\/\/api.w.org\/{rel}","templated":true}]}}