{"id":670,"date":"2019-09-14T13:58:32","date_gmt":"2019-09-14T10:58:32","guid":{"rendered":"http:\/\/tenisgiller.com\/blog\/?page_id=670"},"modified":"2020-10-10T13:39:45","modified_gmt":"2020-10-10T10:39:45","slug":"match","status":"publish","type":"page","link":"https:\/\/tenisgiller.com\/blog\/match\/","title":{"rendered":"Erkek Single Periyot E\u015fle\u015fmeleri"},"content":{"rendered":"\n<p><p>Devam eden periyottaki ma\u00e7 e\u015fle\u015fmeleri a\u015fa\u011f\u0131daki tabloda yer almaktad\u0131r. Ak\u0131ll\u0131 telefonuzdan bu ekran\u0131 g\u00f6r\u00fcnt\u00fcl\u00fcyorsan\u0131z, teklif edece\u011finiz oyuncunun ad\u0131na t\u0131klayarak telefon g\u00f6r\u00fc\u015fmesi ba\u015flatabilirsiniz ya da mesaj g\u00f6nderebilirsiniz.<br><\/p>\n\n","protected":false},"excerpt":{"rendered":"<p>Devam eden periyottaki ma\u00e7 e\u015fle\u015fmeleri a\u015fa\u011f\u0131daki tabloda yer almaktad\u0131r. Ak\u0131ll\u0131 telefonuzdan bu ekran\u0131 g\u00f6r\u00fcnt\u00fcl\u00fcyorsan\u0131z, teklif edece\u011finiz oyuncunun ad\u0131na t\u0131klayarak telefon g\u00f6r\u00fc\u015fmesi ba\u015flatabilirsiniz ya da mesaj g\u00f6nderebilirsiniz.<\/p>\n","protected":false},"author":1,"featured_media":0,"parent":0,"menu_order":0,"comment_status":"closed","ping_status":"closed","template":"","meta":{"footnotes":""},"class_list":["post-670","page","type-page","status-publish","hentry"],"jetpack_shortlink":"https:\/\/wp.me\/P9JVe7-aO","jetpack_likes_enabled":true,"jetpack-related-posts":[],"jetpack_sharing_enabled":true,"_links":{"self":[{"href":"https:\/\/tenisgiller.com\/blog\/wp-json\/wp\/v2\/pages\/670","targetHints":{"allow":["GET"]}}],"collection":[{"href":"https:\/\/tenisgiller.com\/blog\/wp-json\/wp\/v2\/pages"}],"about":[{"href":"https:\/\/tenisgiller.com\/blog\/wp-json\/wp\/v2\/types\/page"}],"author":[{"embeddable":true,"href":"https:\/\/tenisgiller.com\/blog\/wp-json\/wp\/v2\/users\/1"}],"replies":[{"embeddable":true,"href":"https:\/\/tenisgiller.com\/blog\/wp-json\/wp\/v2\/comments?post=670"}],"version-history":[{"count":11,"href":"https:\/\/tenisgiller.com\/blog\/wp-json\/wp\/v2\/pages\/670\/revisions"}],"predecessor-version":[{"id":1034,"href":"https:\/\/tenisgiller.com\/blog\/wp-json\/wp\/v2\/pages\/670\/revisions\/1034"}],"wp:attachment":[{"href":"https:\/\/tenisgiller.com\/blog\/wp-json\/wp\/v2\/media?parent=670"}],"curies":[{"name":"wp","href":"https:\/\/api.w.org\/{rel}","templated":true}]}}