{"id":713,"date":"2019-09-15T23:30:42","date_gmt":"2019-09-15T20:30:42","guid":{"rendered":"http:\/\/tenisgiller.com\/blog\/?page_id=713"},"modified":"2022-09-29T13:35:46","modified_gmt":"2022-09-29T10:35:46","slug":"erkek-single-defi-mac-skoru-kayit","status":"publish","type":"page","link":"https:\/\/tenisgiller.com\/blog\/erkek-single-defi-mac-skoru-kayit\/","title":{"rendered":"Erkek Single DEF\u0130 Ma\u00e7 Skoru Kay\u0131t"},"content":{"rendered":"\n<!--<b>Periyot ma\u00e7lar\u0131 tamamland\u0131\u011f\u0131ndan skor kay\u0131t ekran\u0131 kapat\u0131lm\u0131\u015ft\u0131r.<\/b>\n<br>\n-->\n<ol><li>DEF\u0130 oyuncular\u0131 kendi oynad\u0131klar\u0131 ma\u00e7lar\u0131n skorlar\u0131n\u0131 bu ekrandan kaydedebilirler.<\/li><li>E\u011fer daha \u00f6nce yap\u0131lmad\u0131ysa Tenisgiller hesab\u0131 ile Erkek Single DEF\u0130 tablosuyla bir kereli\u011fine <a href=\"https:\/\/tenisgiller.com\/blog\/erkek-single-defi-kullanici-eslestirme\/\">e\u015fle\u015ftirme<\/a> yap\u0131lmal\u0131d\u0131r. E\u015fle\u015ftirme sonras\u0131nda ma\u00e7 skor giri\u015fi yap\u0131labilir.<\/li><\/ol>\n\nError: user not logged id!\n\n","protected":false},"excerpt":{"rendered":"<p>DEF\u0130 oyuncular\u0131 kendi oynad\u0131klar\u0131 ma\u00e7lar\u0131n skorlar\u0131n\u0131 bu ekrandan kaydedebilirler. E\u011fer daha \u00f6nce yap\u0131lmad\u0131ysa Tenisgiller hesab\u0131 ile Erkek Single DEF\u0130 tablosuyla bir kereli\u011fine e\u015fle\u015ftirme yap\u0131lmal\u0131d\u0131r. E\u015fle\u015ftirme sonras\u0131nda ma\u00e7 skor giri\u015fi yap\u0131labilir.<\/p>\n","protected":false},"author":1,"featured_media":0,"parent":0,"menu_order":0,"comment_status":"closed","ping_status":"closed","template":"","meta":{"jetpack_post_was_ever_published":false,"footnotes":""},"class_list":["post-713","page","type-page","status-publish","hentry"],"jetpack_shortlink":"https:\/\/wp.me\/P9JVe7-bv","jetpack_likes_enabled":true,"jetpack-related-posts":[],"jetpack_sharing_enabled":true,"_links":{"self":[{"href":"https:\/\/tenisgiller.com\/blog\/wp-json\/wp\/v2\/pages\/713","targetHints":{"allow":["GET"]}}],"collection":[{"href":"https:\/\/tenisgiller.com\/blog\/wp-json\/wp\/v2\/pages"}],"about":[{"href":"https:\/\/tenisgiller.com\/blog\/wp-json\/wp\/v2\/types\/page"}],"author":[{"embeddable":true,"href":"https:\/\/tenisgiller.com\/blog\/wp-json\/wp\/v2\/users\/1"}],"replies":[{"embeddable":true,"href":"https:\/\/tenisgiller.com\/blog\/wp-json\/wp\/v2\/comments?post=713"}],"version-history":[{"count":9,"href":"https:\/\/tenisgiller.com\/blog\/wp-json\/wp\/v2\/pages\/713\/revisions"}],"predecessor-version":[{"id":1431,"href":"https:\/\/tenisgiller.com\/blog\/wp-json\/wp\/v2\/pages\/713\/revisions\/1431"}],"wp:attachment":[{"href":"https:\/\/tenisgiller.com\/blog\/wp-json\/wp\/v2\/media?parent=713"}],"curies":[{"name":"wp","href":"https:\/\/api.w.org\/{rel}","templated":true}]}}