{"id":784,"date":"2019-12-25T10:52:13","date_gmt":"2019-12-25T07:52:13","guid":{"rendered":"http:\/\/tenisgiller.com\/blog\/?page_id=784"},"modified":"2024-05-29T07:39:13","modified_gmt":"2024-05-29T04:39:13","slug":"ysk-defi-sampiyonlari","status":"publish","type":"page","link":"https:\/\/tenisgiller.com\/blog\/ysk-defi-sampiyonlari\/","title":{"rendered":"YSK DEF\u0130 \u015eampiyonlar\u0131"},"content":{"rendered":"\n<style>\ntable, tr, th, td {\n    border: none;\n}\n<\/style>\n<h2>ERKEK S\u0130NGLE DEF\u0130<\/h2>\n<table border=\"0\">\n<tr><th>B\u0130R\u0130NC\u0130S\u0130 <\/th><th>\u0130K\u0130NC\u0130S\u0130<\/th><th><\/th><\/tr>\n<tr><td>Muhsin Bayramo\u011flu<\/td><td>Y\u0131lmaz Do\u011fan<\/td><td>2012-2013<\/td><\/tr>\n<tr><td>Y\u0131lmaz Do\u011fan<\/td><td>Mustafa Bal\u0131k<\/td><td>2013-2014<\/td><\/tr>\n<tr><td>Y\u0131lmaz Do\u011fan<\/td><td>Cemil Dere<\/td><td>2014-2015<\/td><\/tr>\n<tr><td>Cemil Dere<\/td><td>Mehmet \u00c7ilo\u011flu<\/td><td>2015-2016<\/td><\/tr>\n<tr><td>Alpay Mutluay<\/td><td>Cemil Dere <\/td><td>2016-2017<\/td><\/tr>\n<tr><td>\u0130smet Sa\u011flam<\/td><td>Mehmet \u00d6zbayrak<\/td><td>2017-2018<\/td><\/tr>\n<tr><td>Ferhat Din\u00e7<\/td><td>Alpay Mutluay <\/td><td>2018-2019<\/td><\/tr>\n<tr><td>Ferhat Din\u00e7<\/td><td>Murat G\u00fcven <\/td><td>2019-2020<\/td><\/tr>\n<tr><td>Murat G\u00fcven<\/td><td>Cemil Dere <\/td><td>2020-2021<\/td><\/tr>\n<tr><td>Murat G\u00fcven<\/td><td>Cemil Dere <\/td><td>2021-2022<\/td><\/tr>\n<tr><td>Murat G\u00fcven<\/td><td>Cemil Dere <\/td><td>2022-2023<\/td><\/tr>\n<tr><td>Burak Erg\u00fcder<\/td><td>Aret K\u0131ll\u0131o\u011flu <\/td><td>2023-2024<\/td><\/tr>\n<\/table>\n<p><\/p> <p><\/p> \n<h2>ERKEK S\u0130NGLE DEF\u0130 PLAY-OFF<\/h2> \n<table border=\"0\">\n<tr><th>\u015eAMP\u0130YONU <\/th><th>F\u0130NAL\u0130ST\u0130 <\/th><th><\/th><\/tr>\n<tr><td>Suat Nail \u00d6mero\u011flu<\/td><td>Kenan \u00dcnal<\/td><td>2011-2012<\/td><\/tr>\n<tr><td>Y\u0131lmaz Do\u011fan <\/td><td>Ali \u015eener<\/td><td>2012-2013<\/td><\/tr>\n<tr><td>Berke Demircio\u011flu <\/td><td>Y\u0131lmaz Do\u011fan<\/td><td>2013-2014<\/td><\/tr>\n<tr><td>Y\u0131lmaz Do\u011fan<\/td><td>Suat Nail \u00d6mero\u011flu<\/td><td>2014-2015<\/td><\/tr>\n<tr><td>Alpay Mutluay<\/td><td>Mehmet \u00c7ilo\u011flu<\/td><td>2015-2016<\/td><\/tr>\n<tr><td>Alpay Mutluay<\/td><td>Mehmet \u00d6zbayrak<\/td><td>2016-2017<\/td><\/tr>\n<tr><td>Murat G\u00fcven<\/td><td>Mehmet \u00d6zbayrak<\/td><td>2017-2018<\/td><\/tr>\n<tr><td>Murat G\u00fcven<\/td><td>Ferhat Din\u00e7<\/td><td>2018-2019<\/td><\/tr>\n<tr><td>Murat G\u00fcven<\/td><td>Burak Erg\u00fcder<\/td><td>2019-2020<\/td><\/tr>\n<tr><td>Murat G\u00fcven<\/td><td>Suat Nail \u00d6mero\u011flu<\/td><td>2020-2021<\/td><\/tr>\n<tr><td>Burak Erg\u00fcder<\/td><td>Cemil Dere<\/td><td>2021-2022<\/td><\/tr>\n<tr><td>Burak Erg\u00fcder<\/td><td>Murat G\u00fcven<\/td><td>2022-2023<\/td><\/tr>\n<tr><td>Berkay Bezal<\/td><td>Hakan \u00c7ilo\u011flu<\/td><td>2023-2024<\/td><\/tr>\n<\/table>\n<p><\/p> \n<h2>CONSOLATION<\/h2>\n2021-2022\nErkekler Consolation \u015eampiyonu: \u015eerif Akbaba<BR>\nErkekler Consolation Finalisti: Engin Eren<BR>\n<BR>\n2022-2023\nErkekler Consolation \u015eampiyonu: An\u0131l Erdin\u00e7 T\u00fcfek\u00e7i<BR>\nErkekler Consolation Finalisti: Nubar \u00d6kke<BR>\n<BR>\n2023-2024\nErkekler Consolation \u015eampiyonu: Ertan Bak<BR>\nErkekler Consolation Finalisti: An\u0131l Erdin\u00e7 T\u00fcfek\u00e7i<BR>\n<p><\/p> \n<h2>SA\u0130M G\u00dcLBAY ERKEK DOUBLE DEF\u0130<\/h2> \n<table border=\"0\">\n<tr><th>\u015eAMP\u0130YONU<\/th><th>F\u0130NAL\u0130ST\u0130<\/th><th><\/th><\/tr>\n<tr><td>Mehmet \u00c7ilo\u011flu &#038; H\u00fcseyin Song\u00fcl<\/td><td>Haydar Can &#038; Muhsin Bayramo\u011flu<\/td><td>2012-2013<\/td><\/tr>\n<tr><td>Mehmet \u00c7ilo\u011flu &#038; Muhsin Bayramo\u011flu<\/td><td>Faruk Arac\u0131 &#038; Oral Aykut<\/td><td>2013-2014<\/td><\/tr>\n<tr><td>Kaz\u0131m Eren &#038; Merih Ayg\u00fcl<\/td><td>Mustafa D\u00f6\u011fme &#038; Engin Eren<\/td><td>2014-2015<\/td><\/tr>\n<tr><td>Mehmet \u00d6zbayrak &#038; \u0130smet Sa\u011flam<\/td><td>Kaz\u0131m Eren &#038; Merih Ayg\u00fcl<\/td><td>2015-2016<\/td><\/tr>\n<tr><td>Mehmet \u00d6zbayrak &#038; \u0130smet Sa\u011flam<\/td><td>Oral Aykut &#038; Aret K\u0131ll\u0131o\u011flu<\/td><td>2016-2017<\/td><\/tr>\n<tr><td>R\u0131dvan Demirhan &#038; Denis Savitsky<\/td><td>Oral Aykut &#038; Aret K\u0131ll\u0131o\u011flu <\/td><td>2017-2018<\/td><\/tr>\n<tr><td>R\u0131dvan Demirhan &#038; Denis Savitsky<\/td><td>Murat G\u00fcven &#038; Mehmet Tekdal<\/td><td>2018-2019<\/td><\/tr>\n<tr><td>Vehbi Ate\u015f &#038; Ferhat Din\u00e7<\/td><td>Cemil Dere &#038; Y\u0131lmaz Do\u011fan<\/td><td>2019-2020<\/td><\/tr>\n<tr><td>Mehmet \u00d6zbayrak &#038; \u0130smet Sa\u011flam<\/td><td>Aret K\u0131ll\u0131o\u011flu &#038; Oral Aykut<\/td><td>2021-2022<\/td><\/tr>\n<tr><td>Mehmet \u00d6zbayrak &#038; \u0130smet Sa\u011flam<\/td><td>Engin Eren &#038; G\u00fcrsel \u0130ncedere<\/td><td>2022-2023<\/td><\/tr>\n<tr><td>Resul A\u015f\u00e7\u0131o\u011flu &#038; Sedat Selanik<\/td><td>Aybars \u015eim\u015fek &#038; Berkay Bezal<\/td><td>2023-2024<\/td><\/tr>\n<\/table>\n<h2>SA\u0130M G\u00dcLBAY ERKEK PLAY-OFF<\/h2> \n<table border=\"0\">\n<tr><th>\u015eAMP\u0130YONU<\/th><th>F\u0130NAL\u0130ST\u0130<\/th><th><\/th><\/tr>\n<tr><td>Mehmet \u00d6zbayrak &#038; \u0130smet Sa\u011flam<\/td><td>Aret K\u0131ll\u0131o\u011flu &#038; Oral Aykut<\/td><td>2021-2022<\/td><\/tr>\n<tr><td>Ayg\u00fcn Erol &#038; Kenan \u00c7avdar<\/td><td>Burak Erg\u00fcder &#038; Emre G\u00fcler<\/td><td>2022-2023<\/td><\/tr>\n<\/table>\n<p><\/p> <p><\/p> \n\n<h2>KARI\u015eIK \u00c7\u0130FTLER DEF\u0130 L\u0130G\u0130<\/h2> \n<table border=\"0\">\n<tr><th>\u015eAMP\u0130YONU <\/th><th>F\u0130NAL\u0130ST\u0130 <\/th><th><\/th><\/tr>\n<tr><td>Ay\u015fe \u00c7ek Tamer &#038; Ali \u015eener<\/td><td>L\u00fctfiye Murado\u011flu &#038; Oral Aykut<\/td><td>2015-2016<\/td><\/tr>\n<tr><td>Ne\u015fe Aslan &#038; Y\u0131lmaz Do\u011fan<\/td><td>Leyla Sar\u0131\u00e7ay &#038; O\u011fuzcan K\u0131n\u0131ko\u011flu<\/td><td>2016-2017<\/td><\/tr>\n<tr><td>Mehtap G\u00f6ksu &#038; \u0130skender Yayla<\/td><td>Leyla Sar\u0131\u00e7ay &#038; Oral Aykut<\/td><td>2017-2018<\/td><\/tr>\n<tr><td>Elif Rana \u00d6mero\u011flu &#038; Suat \u00d6mero\u011flu<\/td><td>Aylin Eskunt &#038; Kadir \u0130nal<\/td><td>2018-2019<\/td><\/tr>\n<tr><td>Berna Pars Saru\u00e7 &#038; Cemil Dere<\/td><td>Elif Rana \u00d6mero\u011flu &#038; Suat \u00d6mero\u011flu<\/td><td>2019-2020<\/td><\/tr>\n<tr><td>Zeynep &#038; \u0130smet Sa\u011flam<\/td><td>Nora \u00d6kke &#038; Aret K\u0131ll\u0131o\u011flu<\/td><td>2021-2022<\/td><\/tr>\n<tr><td>Nora \u00d6kke &#038; Aret K\u0131ll\u0131o\u011flu<\/td><td>Mehtap G\u00f6ksu &#038; Kenan \u00c7avdar<\/td><td>2022-2023<\/td><\/tr>\n<tr><td>Zeynep Ok\u00e7u &#038; Ayg\u00fcn Erol<\/td><td>Nora \u00d6kke &#038; Aret K\u0131ll\u0131o\u011flu<\/td><td>2023-2024<\/td><\/tr>\n<\/table>\n\n<h2>KARI\u015eIK \u00c7\u0130FTLER DEF\u0130 PLAY-OFF<\/h2> \n<table border=\"0\">\n<tr><th>\u015eAMP\u0130YONU <\/th><th>F\u0130NAL\u0130ST\u0130 <\/th><th><\/th><\/tr>\n<tr><td>Zeynep &#038; \u0130smet Sa\u011flam<\/td><td>Nora \u00d6kke &#038; Aret K\u0131ll\u0131o\u011flu<\/td><td>2021-2022<\/td><\/tr>\n<tr><td>Nora \u00d6kke &#038; Aret K\u0131ll\u0131o\u011flu<\/td><td>Mehtap G\u00f6ksu &#038; Kenan \u00c7avdar<\/td><td>2022-2023<\/td><\/tr>\n<\/table>\n\n<h2>BAYAN S\u0130NGLE DEF\u0130<\/h2>\n<table border=\"0\">\n<tr><th>B\u0130R\u0130NC\u0130S\u0130 <\/th><th>\u0130K\u0130NC\u0130S\u0130<\/th><th><\/th><\/tr>\n<tr><td>Ne\u015fe Aslan<\/td><td>Sezen \u015eahin<\/td><td>2011-2012<\/td><\/tr>\n<tr><td>Ne\u015fe Aslan<\/td><td>Ay\u015fe \u00c7ek<\/td><td>2012-2013<\/td><\/tr>\n<tr><td>Ne\u015fe Aslan<\/td><td>Sezen \u015eahin<\/td><td>2013-2014<\/td><\/tr>\n<tr><td>Ne\u015fe Aslan<\/td><td>Sezen \u015eahin<\/td><td>2014-2015<\/td><\/tr>\n<tr><td>Ne\u015fe Aslan<\/td><td>Leyla Sar\u0131\u00e7ay<\/td><td>2015-2016<\/td><\/tr>\n<tr><td>Ne\u015fe Aslan<\/td><td>Leyla Sar\u0131\u00e7ay<\/td><td>2016-2017<\/td><\/tr>\n<tr><td>Ne\u015fe Aslan<\/td><td>Ay\u015fe \u00c7ek Tamer<\/td><td>2017-2018<\/td><\/tr>\n<tr><td>Rita Vuluvan<\/td><td>Ay\u015fe \u00c7ek Tamer<\/td><td>2018-2019<\/td><\/tr>\n<tr><td>Ay\u015fe \u00c7ek Tamer<\/td><td>Berna Pars Saru\u00e7<\/td><td>2019-2020<\/td><\/tr>\n<tr><td>Ne\u015fe Aslan<\/td><td>Ay\u015fe \u00c7ek Tamer<\/td><td>2020-2021<\/td><\/tr>\n<tr><td><\/td><td><\/td><td>2021-2022<\/td><\/tr>\n<tr><td>Anya Demirciyan<\/td><td>Ay\u015fe K\u0131ratl\u0131<\/td><td>2022-2023<\/td><\/tr>\n<tr><td>Ay\u015fe K\u0131ratl\u0131<\/td><td>Berna Pars Saru\u00e7<\/td><td>2023-2024<\/td><\/tr>\n<\/table>\n<h2>BAYAN S\u0130NGLE DEF\u0130 PLAY-OFF<\/h2> \n<table border=\"0\">\n<tr><th>\u015eAMP\u0130YONU <\/th><th>F\u0130NAL\u0130ST\u0130 <\/th><th><\/th><\/tr>\n<tr><td>Ne\u015fe Aslan<\/td><td>Dilek Akdilek<br>(Mehtap G\u00f6ksu)<\/td><td>2014-2015<\/td><\/tr>\n<tr><td>Ne\u015fe Aslan<\/td><td>Leyla Sar\u0131\u00e7ay<\/td><td>2016-2017<\/td><\/tr>\n<tr><td>Rita Vuluvan<\/td><td>Ay\u015fe \u00c7ek Tamer<\/td><td>2018-2019<\/td><\/tr>\n<tr><td>Ay\u015fe \u00c7ek Tamer<\/td><td>Reem A. Y\u0131lmaz<\/td><td>2019-2020<\/td><\/tr>\n<tr><td>Ay\u015fe \u00c7ek Tamer<\/td><td>Alara Altay<\/td><td>2020-2021<\/td><\/tr>\n<tr><td><\/td><td><\/td><td>2021-2022<\/td><\/tr>\n<tr><td>Anya Demirciyan<\/td><td>Ay\u015fe K\u0131ratl\u0131<\/td><td>2022-2023<\/td><\/tr>\n<tr><td>Alara Altay<\/td><td>Mehtap\u00a0G\u00f6ksu<\/td><td>2023-2024<\/td><\/tr>\n<\/table>\n\n<b>2014-2015 SEZONU<\/b><br>\nBAYANLAR DOUBLE DEF\u0130 \u015eAMP\u0130YONU<br>\nNe\u015fe Aslan &#038; Leyla Sar\u0131\u00e7ay<br>\nBAYANLAR DOUBLE DEF\u0130 F\u0130NAL\u0130ST\u0130<br>\nSemiha Obut &#038; Ne\u015fe Song\u00fcl \/ L\u00fctfiye Murado\u011flu &#038; Dilek Akdilek<br>\n<p><\/p>\n<b>2015-2016 SEZONU<\/b><br>\nBAYANLAR DOUBLE DEF\u0130 \u015eAMP\u0130YONU<br>\nL\u00fctfiye Murado\u011flu &#038; Ceylin Adab\u00fck<br>\nBAYANLAR DOUBLE DEF\u0130 F\u0130NAL\u0130ST\u0130<br>\nMehtap G\u00f6ksu &#038; Mehtap Din\u00e7<br><br>\n\nBAYANLAR DOUBLE 2. L\u0130G \u015eAMP\u0130YONU<br>\nG\u00fcl\u00fcmser \u00dcnkaya &#038; Hayriye Kolas\u0131n<br>\nBAYANLAR DOUBLE 2. L\u0130G F\u0130NAL\u0130ST\u0130<br>\nAy\u015fe G\u00fcng\u00f6r &#038; Zeynep Taysun<br> \n<p><\/p>\n<b>2016-2017 SEZONU<\/b><br>\nBAYANLAR DOUBLE DEF\u0130 \u015eAMP\u0130YONU<br>\nTatyana Ayaro\u011flu &#038; Nora \u00d6kke<br>\nBAYANLAR DOUBLE DEF\u0130 F\u0130NAL\u0130ST\u0130<br>\nAy\u015feg\u00fcl Aykut &#038; Leyla Sar\u0131\u00e7ay<br><br>\n\u00c7ift Bayanlar DEF\u0130 B:<br>\nBirincisi: Selda Aydo\u011fan &#038; Ceyhun \u00c7okya\u015far<br>\n\u0130kincisi: Hayriye Kolas\u0131n &#038; J\u00fclyet Alpman<br>\n<p><\/p>\n<b>2018-2019 SEZONU<\/b><br>\nBAYANLAR DOUBLE DEF\u0130 \u015eAMP\u0130YONU<br>\nAy\u015fe \u00c7ek &#038; Nora \u00d6kke<br>\nBAYANLAR DOUBLE DEF\u0130 F\u0130NAL\u0130ST\u0130<br>\nSezap Bezal &#038; Aylin Eskunt<br><br><br>\nBAYAN B GRUBU DOUBLE DEF\u0130 \u015eAMP\u0130YONU<br>\nMehtap G\u00f6ksu &#038; Sezen \u015eahin Kortun<br>\nBAYAN B GRUBU DOUBLE DEF\u0130 F\u0130NAL\u0130ST\u0130<br>\nSelda Aydo\u011fan &#038; Mehtap Din\u00e7<br>\n<p><\/p>\n<b>2019-2020 SEZONU<\/b>\nBAYANLAR DOUBLE DEF\u0130 \u015eAMP\u0130YONU<br>\nAy\u015fe \u00c7ek &#038; Nora \u00d6kke<br>\nBAYANLAR DOUBLE DEF\u0130 F\u0130NAL\u0130ST\u0130<br>\nSezap Bezal &#038; Aylin Eskunt<br>\n\n<b>2021-2022 SEZONU<\/b><br>\nBAYANLAR DOUBLE DEF\u0130 \u015eAMP\u0130YONU<br>\n<br>\nBAYANLAR DOUBLE DEF\u0130 F\u0130NAL\u0130ST\u0130<br>\n<br>\n\n<b>2022-2023 SEZONU<\/b><br>\nBAYANLAR DOUBLE DEF\u0130 \u015eAMP\u0130YONU<br>\nAy\u015fe K\u0131ratl\u0131 Herdan &#038; P\u0131nar Ac\u0131payamo\u011flu<br>\nBAYANLAR DOUBLE DEF\u0130 F\u0130NAL\u0130ST\u0130<br>\nAy\u015fe \u00c7ek Tamer &#038; Nora \u00d6kke\n<br>\n<br>\nBAYANLAR DOUBLE DEF\u0130 PLAY-OFF \u015eAMP\u0130YONU<br>\nMehtap G\u00f6ksu &#038; L\u00fctfiye Murado\u011flu<br>\nBAYANLAR DOUBLE DEF\u0130 PLAY-OFF F\u0130NAL\u0130ST\u0130<br>\nAy\u015fe K\u0131ratl\u0131 &#038; P\u0131nar Ac\u0131payamo\u011flu\n<br>\n<br>\n<b>2023-2024 SEZONU<\/b><br>\n\u2060Tek kad\u0131nlar Defi Consolation<br>\nBirincisi: P\u0131nar I\u015f\u0131k Alkaya<br>\n\u0130kincisi: Men\u015fure Ayd\u0131n<br><br>\n\n\u2060\u00c7ift Kad\u0131nlar<br>\n\u015eampiyonu: Nora \u00d6kke &#038; Anya Demirciyan<br>\n\u0130kincisi: Ay\u015fe \u00c7ek Tamer &#038; Zeynep Ok\u00e7u<br>\nFinalisti: Alara Altay &#038; Ceylin Adab\u00fck<br>\n\n\n\n<p><\/p>\n","protected":false},"excerpt":{"rendered":"<p>ERKEK S\u0130NGLE DEF\u0130 B\u0130R\u0130NC\u0130S\u0130 \u0130K\u0130NC\u0130S\u0130 Muhsin Bayramo\u011flu Y\u0131lmaz Do\u011fan 2012-2013 Y\u0131lmaz Do\u011fan Mustafa Bal\u0131k 2013-2014 Y\u0131lmaz Do\u011fan Cemil Dere 2014-2015 Cemil Dere Mehmet \u00c7ilo\u011flu 2015-2016 Alpay Mutluay Cemil Dere 2016-2017 \u0130smet Sa\u011flam Mehmet \u00d6zbayrak 2017-2018 Ferhat Din\u00e7 Alpay Mutluay 2018-2019 Ferhat Din\u00e7 Murat G\u00fcven 2019-2020 Murat G\u00fcven Cemil Dere 2020-2021 Murat G\u00fcven Cemil Dere 2021-2022 &hellip; <a href=\"https:\/\/tenisgiller.com\/blog\/ysk-defi-sampiyonlari\/\" class=\"more-link\">Okumaya devam et<span class=\"screen-reader-text\"> &#8220;YSK DEF\u0130 \u015eampiyonlar\u0131&#8221;<\/span><\/a><\/p>\n","protected":false},"author":1,"featured_media":0,"parent":0,"menu_order":0,"comment_status":"closed","ping_status":"closed","template":"","meta":{"jetpack_post_was_ever_published":false,"footnotes":""},"class_list":["post-784","page","type-page","status-publish","hentry"],"jetpack_shortlink":"https:\/\/wp.me\/P9JVe7-cE","jetpack_likes_enabled":true,"jetpack-related-posts":[],"jetpack_sharing_enabled":true,"_links":{"self":[{"href":"https:\/\/tenisgiller.com\/blog\/wp-json\/wp\/v2\/pages\/784","targetHints":{"allow":["GET"]}}],"collection":[{"href":"https:\/\/tenisgiller.com\/blog\/wp-json\/wp\/v2\/pages"}],"about":[{"href":"https:\/\/tenisgiller.com\/blog\/wp-json\/wp\/v2\/types\/page"}],"author":[{"embeddable":true,"href":"https:\/\/tenisgiller.com\/blog\/wp-json\/wp\/v2\/users\/1"}],"replies":[{"embeddable":true,"href":"https:\/\/tenisgiller.com\/blog\/wp-json\/wp\/v2\/comments?post=784"}],"version-history":[{"count":23,"href":"https:\/\/tenisgiller.com\/blog\/wp-json\/wp\/v2\/pages\/784\/revisions"}],"predecessor-version":[{"id":1701,"href":"https:\/\/tenisgiller.com\/blog\/wp-json\/wp\/v2\/pages\/784\/revisions\/1701"}],"wp:attachment":[{"href":"https:\/\/tenisgiller.com\/blog\/wp-json\/wp\/v2\/media?parent=784"}],"curies":[{"name":"wp","href":"https:\/\/api.w.org\/{rel}","templated":true}]}}