{"id":795,"date":"2020-01-07T21:25:02","date_gmt":"2020-01-07T18:25:02","guid":{"rendered":"http:\/\/tenisgiller.com\/blog\/?page_id=795"},"modified":"2023-02-27T09:05:31","modified_gmt":"2023-02-27T06:05:31","slug":"deficourtdoubleman","status":"publish","type":"page","link":"https:\/\/tenisgiller.com\/blog\/deficourtdoubleman\/","title":{"rendered":"Erkek Double Kort Rezervasyon Talep"},"content":{"rendered":"\n<p><a rel=\"noreferrer noopener\" href=\"https:\/\/forms.gle\/c2wys44VPmYLwjMJA\" target=\"_blank\">Kort rezervasyon taleplerinizi g\u00f6ndermek i\u00e7in t\u0131klay\u0131n\u0131z. <\/a><br><br><a rel=\"noreferrer noopener\" href=\"https:\/\/docs.google.com\/spreadsheets\/d\/e\/2PACX-1vTBfSQJesdbhkEdYPCXlb7pa1fDUTTtv0O-yZb_8HSd3ae3aIcLXj4TCM-ypRA3yOU-VL9aE0KFx2Mb\/pubhtml?gid=366531319&amp;single=true\" target=\"_blank\">Girilen kort rezervasyon taleplerini g\u00f6rmek i\u00e7in t\u0131klay\u0131n\u0131z. <\/a><\/p>\n\n\n\n<p>Kort rezervasyon talepleri periyot ilk haftas\u0131 Sal\u0131 g\u00fcn\u00fc 21:00&#8217;e kadar yap\u0131l\u0131r. Kort tahsisi kura ile belirlenir ve sayfan\u0131n alt\u0131ndan takip edilir. Tahsis edilen kort saatlerinde de\u011fi\u015fiklik yapmak i\u00e7in Whatsapp grubuna mesaj g\u00f6nderebilirsiniz.<\/p>\n\n\n\n","protected":false},"excerpt":{"rendered":"<p>Kort rezervasyon taleplerinizi g\u00f6ndermek i\u00e7in t\u0131klay\u0131n\u0131z. Girilen kort rezervasyon taleplerini g\u00f6rmek i\u00e7in t\u0131klay\u0131n\u0131z. Kort rezervasyon talepleri periyot ilk haftas\u0131 Sal\u0131 g\u00fcn\u00fc 21:00&#8217;e kadar yap\u0131l\u0131r. Kort tahsisi kura ile belirlenir ve sayfan\u0131n alt\u0131ndan takip edilir. Tahsis edilen kort saatlerinde de\u011fi\u015fiklik yapmak i\u00e7in Whatsapp grubuna mesaj g\u00f6nderebilirsiniz.<\/p>\n","protected":false},"author":1,"featured_media":0,"parent":0,"menu_order":0,"comment_status":"closed","ping_status":"closed","template":"","meta":{"jetpack_post_was_ever_published":false,"footnotes":""},"class_list":["post-795","page","type-page","status-publish","hentry"],"jetpack_shortlink":"https:\/\/wp.me\/P9JVe7-cP","jetpack_likes_enabled":true,"jetpack-related-posts":[],"jetpack_sharing_enabled":true,"_links":{"self":[{"href":"https:\/\/tenisgiller.com\/blog\/wp-json\/wp\/v2\/pages\/795","targetHints":{"allow":["GET"]}}],"collection":[{"href":"https:\/\/tenisgiller.com\/blog\/wp-json\/wp\/v2\/pages"}],"about":[{"href":"https:\/\/tenisgiller.com\/blog\/wp-json\/wp\/v2\/types\/page"}],"author":[{"embeddable":true,"href":"https:\/\/tenisgiller.com\/blog\/wp-json\/wp\/v2\/users\/1"}],"replies":[{"embeddable":true,"href":"https:\/\/tenisgiller.com\/blog\/wp-json\/wp\/v2\/comments?post=795"}],"version-history":[{"count":6,"href":"https:\/\/tenisgiller.com\/blog\/wp-json\/wp\/v2\/pages\/795\/revisions"}],"predecessor-version":[{"id":1560,"href":"https:\/\/tenisgiller.com\/blog\/wp-json\/wp\/v2\/pages\/795\/revisions\/1560"}],"wp:attachment":[{"href":"https:\/\/tenisgiller.com\/blog\/wp-json\/wp\/v2\/media?parent=795"}],"curies":[{"name":"wp","href":"https:\/\/api.w.org\/{rel}","templated":true}]}}