{"id":801,"date":"2020-01-07T21:34:36","date_gmt":"2020-01-07T18:34:36","guid":{"rendered":"http:\/\/tenisgiller.com\/blog\/?page_id=801"},"modified":"2023-02-04T10:27:31","modified_gmt":"2023-02-04T07:27:31","slug":"matchdoubleman","status":"publish","type":"page","link":"https:\/\/tenisgiller.com\/blog\/matchdoubleman\/","title":{"rendered":"Erkek Double Periyot E\u015fle\u015fmeleri"},"content":{"rendered":"\n<p>Devam eden periyottaki ma\u00e7 e\u015fle\u015fmeleri a\u015fa\u011f\u0131daki tabloda yer almaktad\u0131r. Ak\u0131ll\u0131 telefonuzdan bu ekran\u0131 g\u00f6r\u00fcnt\u00fcl\u00fcyorsan\u0131z, teklif edece\u011finiz tak\u0131m\u0131n ad\u0131na t\u0131klayarak tak\u0131m temsilcisi ile telefon g\u00f6r\u00fc\u015fmesi ba\u015flatabilirsiniz ya da mesaj g\u00f6nderebilirsiniz.<br><\/p>\n\n\n","protected":false},"excerpt":{"rendered":"<p>Devam eden periyottaki ma\u00e7 e\u015fle\u015fmeleri a\u015fa\u011f\u0131daki tabloda yer almaktad\u0131r. Ak\u0131ll\u0131 telefonuzdan bu ekran\u0131 g\u00f6r\u00fcnt\u00fcl\u00fcyorsan\u0131z, teklif edece\u011finiz tak\u0131m\u0131n ad\u0131na t\u0131klayarak tak\u0131m temsilcisi ile telefon g\u00f6r\u00fc\u015fmesi ba\u015flatabilirsiniz ya da mesaj g\u00f6nderebilirsiniz.<\/p>\n","protected":false},"author":1,"featured_media":0,"parent":0,"menu_order":0,"comment_status":"closed","ping_status":"closed","template":"","meta":{"jetpack_post_was_ever_published":false,"footnotes":""},"class_list":["post-801","page","type-page","status-publish","hentry"],"jetpack_shortlink":"https:\/\/wp.me\/P9JVe7-cV","jetpack_likes_enabled":true,"jetpack-related-posts":[],"jetpack_sharing_enabled":true,"_links":{"self":[{"href":"https:\/\/tenisgiller.com\/blog\/wp-json\/wp\/v2\/pages\/801","targetHints":{"allow":["GET"]}}],"collection":[{"href":"https:\/\/tenisgiller.com\/blog\/wp-json\/wp\/v2\/pages"}],"about":[{"href":"https:\/\/tenisgiller.com\/blog\/wp-json\/wp\/v2\/types\/page"}],"author":[{"embeddable":true,"href":"https:\/\/tenisgiller.com\/blog\/wp-json\/wp\/v2\/users\/1"}],"replies":[{"embeddable":true,"href":"https:\/\/tenisgiller.com\/blog\/wp-json\/wp\/v2\/comments?post=801"}],"version-history":[{"count":2,"href":"https:\/\/tenisgiller.com\/blog\/wp-json\/wp\/v2\/pages\/801\/revisions"}],"predecessor-version":[{"id":1517,"href":"https:\/\/tenisgiller.com\/blog\/wp-json\/wp\/v2\/pages\/801\/revisions\/1517"}],"wp:attachment":[{"href":"https:\/\/tenisgiller.com\/blog\/wp-json\/wp\/v2\/media?parent=801"}],"curies":[{"name":"wp","href":"https:\/\/api.w.org\/{rel}","templated":true}]}}