{"id":823,"date":"2020-01-08T14:41:38","date_gmt":"2020-01-08T11:41:38","guid":{"rendered":"http:\/\/tenisgiller.com\/blog\/?page_id=823"},"modified":"2023-04-28T15:18:05","modified_gmt":"2023-04-28T12:18:05","slug":"bayan-double-defi-play-off","status":"publish","type":"page","link":"https:\/\/tenisgiller.com\/blog\/bayan-double-defi-play-off\/","title":{"rendered":"Kad\u0131n Double DEF\u0130 &#8211; Play-Off"},"content":{"rendered":"\n\n\n\n<!--\n<h1>Eleme<\/h1>\nPeriyot ma\u00e7lar\u0131ndan sonra...\n<h1>Final<\/h1>\n<b>L\u00fctfiye Murato\u011flu &amp; Mehtap G\u00f6ksu<\/b> - Ne\u015fe Song\u00fcl &amp; Semiha Obut 6\/3 3\/6 10\/5\n[ wbcr_php_snippet id=\"333\" ]\n-->\n<!--\n<h1>Eleme<\/h1> <p><iframe loading=\"lazy\" src=\"https:\/\/docs.google.com\/spreadsheets\/d\/e\/2PACX-1vQu1vWSGmNMkvwgcGESP89jXZWuM1dgUn17ppXs-k3_wWOO55kZY2ygzJdTlCJoIJ77CfCeJwPNpd5b\/pubhtml?gid=1825541154&amp;single=true\" width=\"100%\" height=\"500\" frameborder=\"0\"><\/iframe><\/p>\n\n<h1>Grup A<\/h1> \n<p><iframe loading=\"lazy\" src=\"https:\/\/docs.google.com\/spreadsheets\/d\/e\/2PACX-1vQu1vWSGmNMkvwgcGESP89jXZWuM1dgUn17ppXs-k3_wWOO55kZY2ygzJdTlCJoIJ77CfCeJwPNpd5b\/pubhtml?gid=827833448&amp;single=true\" width=\"100%\" height=\"500\" frameborder=\"0\"><\/iframe><\/p> \n\n<h1>Grup B<\/h1> \n<p><iframe loading=\"lazy\" src=\"https:\/\/docs.google.com\/spreadsheets\/d\/e\/2PACX-1vQu1vWSGmNMkvwgcGESP89jXZWuM1dgUn17ppXs-k3_wWOO55kZY2ygzJdTlCJoIJ77CfCeJwPNpd5b\/pubhtml?gid=1966033305&amp;single=true\" width=\"100%\" height=\"500\" frameborder=\"0\"><\/iframe><\/p> \n\n<h1>Grup C<\/h1> \n<p><iframe loading=\"lazy\" src=\"https:\/\/docs.google.com\/spreadsheets\/d\/e\/2PACX-1vQu1vWSGmNMkvwgcGESP89jXZWuM1dgUn17ppXs-k3_wWOO55kZY2ygzJdTlCJoIJ77CfCeJwPNpd5b\/pubhtml?gid=161689522&amp;single=true\" width=\"100%\" height=\"500\" frameborder=\"0\"><\/iframe><\/p>\n\n<h1>Grup D<\/h1> \n<p><iframe loading=\"lazy\" src=\"https:\/\/docs.google.com\/spreadsheets\/d\/e\/2PACX-1vQu1vWSGmNMkvwgcGESP89jXZWuM1dgUn17ppXs-k3_wWOO55kZY2ygzJdTlCJoIJ77CfCeJwPNpd5b\/pubhtml?gid=635246350&amp;single=true\" width=\"100%\" height=\"500\" frameborder=\"0\"><\/iframe><\/p>\n\n-->\n","protected":false},"excerpt":{"rendered":"","protected":false},"author":1,"featured_media":0,"parent":0,"menu_order":0,"comment_status":"closed","ping_status":"closed","template":"","meta":{"jetpack_post_was_ever_published":false,"footnotes":""},"class_list":["post-823","page","type-page","status-publish","hentry"],"jetpack_shortlink":"https:\/\/wp.me\/P9JVe7-dh","jetpack_likes_enabled":true,"jetpack-related-posts":[],"jetpack_sharing_enabled":true,"_links":{"self":[{"href":"https:\/\/tenisgiller.com\/blog\/wp-json\/wp\/v2\/pages\/823","targetHints":{"allow":["GET"]}}],"collection":[{"href":"https:\/\/tenisgiller.com\/blog\/wp-json\/wp\/v2\/pages"}],"about":[{"href":"https:\/\/tenisgiller.com\/blog\/wp-json\/wp\/v2\/types\/page"}],"author":[{"embeddable":true,"href":"https:\/\/tenisgiller.com\/blog\/wp-json\/wp\/v2\/users\/1"}],"replies":[{"embeddable":true,"href":"https:\/\/tenisgiller.com\/blog\/wp-json\/wp\/v2\/comments?post=823"}],"version-history":[{"count":7,"href":"https:\/\/tenisgiller.com\/blog\/wp-json\/wp\/v2\/pages\/823\/revisions"}],"predecessor-version":[{"id":1577,"href":"https:\/\/tenisgiller.com\/blog\/wp-json\/wp\/v2\/pages\/823\/revisions\/1577"}],"wp:attachment":[{"href":"https:\/\/tenisgiller.com\/blog\/wp-json\/wp\/v2\/media?parent=823"}],"curies":[{"name":"wp","href":"https:\/\/api.w.org\/{rel}","templated":true}]}}