{"id":825,"date":"2020-01-08T14:43:31","date_gmt":"2020-01-08T11:43:31","guid":{"rendered":"http:\/\/tenisgiller.com\/blog\/?page_id=825"},"modified":"2022-04-10T12:34:57","modified_gmt":"2022-04-10T09:34:57","slug":"bayan-double-defi-siralama","status":"publish","type":"page","link":"https:\/\/tenisgiller.com\/blog\/bayan-double-defi-siralama\/","title":{"rendered":"Kad\u0131n Double DEF\u0130 &#8211; S\u0131ralama"},"content":{"rendered":"\n<p><br><!--<iframe loading=\"lazy\" src=\"https:\/\/docs.google.com\/spreadsheets\/d\/e\/2PACX-1vQu1vWSGmNMkvwgcGESP89jXZWuM1dgUn17ppXs-k3_wWOO55kZY2ygzJdTlCJoIJ77CfCeJwPNpd5b\/pubhtml?gid=1098942786&amp;single=true\" width=\"100%\" height=\"1000\" frameborder=\"0\"><\/iframe>\n\n--><\/p>\n","protected":false},"excerpt":{"rendered":"","protected":false},"author":1,"featured_media":0,"parent":0,"menu_order":0,"comment_status":"closed","ping_status":"closed","template":"","meta":{"jetpack_post_was_ever_published":false,"footnotes":""},"class_list":["post-825","page","type-page","status-publish","hentry"],"jetpack_shortlink":"https:\/\/wp.me\/P9JVe7-dj","jetpack_likes_enabled":true,"jetpack-related-posts":[],"jetpack_sharing_enabled":true,"_links":{"self":[{"href":"https:\/\/tenisgiller.com\/blog\/wp-json\/wp\/v2\/pages\/825","targetHints":{"allow":["GET"]}}],"collection":[{"href":"https:\/\/tenisgiller.com\/blog\/wp-json\/wp\/v2\/pages"}],"about":[{"href":"https:\/\/tenisgiller.com\/blog\/wp-json\/wp\/v2\/types\/page"}],"author":[{"embeddable":true,"href":"https:\/\/tenisgiller.com\/blog\/wp-json\/wp\/v2\/users\/1"}],"replies":[{"embeddable":true,"href":"https:\/\/tenisgiller.com\/blog\/wp-json\/wp\/v2\/comments?post=825"}],"version-history":[{"count":3,"href":"https:\/\/tenisgiller.com\/blog\/wp-json\/wp\/v2\/pages\/825\/revisions"}],"predecessor-version":[{"id":1336,"href":"https:\/\/tenisgiller.com\/blog\/wp-json\/wp\/v2\/pages\/825\/revisions\/1336"}],"wp:attachment":[{"href":"https:\/\/tenisgiller.com\/blog\/wp-json\/wp\/v2\/media?parent=825"}],"curies":[{"name":"wp","href":"https:\/\/api.w.org\/{rel}","templated":true}]}}