{"id":845,"date":"2020-01-08T15:32:21","date_gmt":"2020-01-08T12:32:21","guid":{"rendered":"http:\/\/tenisgiller.com\/blog\/?page_id=845"},"modified":"2023-02-02T16:40:06","modified_gmt":"2023-02-02T13:40:06","slug":"erkek-double-defi-mac-skoru-kayit","status":"publish","type":"page","link":"https:\/\/tenisgiller.com\/blog\/erkek-double-defi-mac-skoru-kayit\/","title":{"rendered":"Erkek Double DEF\u0130 Ma\u00e7 Skoru Kay\u0131t"},"content":{"rendered":"\n<!--Eleme ma\u00e7 skorlar\u0131n\u0131 \"YSK Erkek Double Defi\" Whatsapp grubundan payla\u015f\u0131n\u0131z.-->\n<ol><li>DEF\u0130 oyuncular\u0131 kendi oynad\u0131klar\u0131 ma\u00e7lar\u0131n skorlar\u0131n\u0131 bu ekrandan kaydedebilirler.<\/li><li>E\u011fer daha \u00f6nce yap\u0131lmad\u0131ysa Tenisgiller hesab\u0131 ile Erkek Single DEF\u0130 tablosuyla bir kereli\u011fine <a href=\"https:\/\/tenisgiller.com\/blog\/erkek-double-defi-kullanici-eslestirme\/\">e\u015fle\u015ftirme<\/a> yap\u0131lmal\u0131d\u0131r. E\u015fle\u015ftirme sonras\u0131nda ma\u00e7 skor giri\u015fi yap\u0131labilir.<\/li>\n<li>Tak\u0131m ad\u0131ndaki ilk oyuncu skor giri\u015fi yapabilir<\/li><\/ol>\n\nError: user not logged id!\n","protected":false},"excerpt":{"rendered":"<p>DEF\u0130 oyuncular\u0131 kendi oynad\u0131klar\u0131 ma\u00e7lar\u0131n skorlar\u0131n\u0131 bu ekrandan kaydedebilirler. E\u011fer daha \u00f6nce yap\u0131lmad\u0131ysa Tenisgiller hesab\u0131 ile Erkek Single DEF\u0130 tablosuyla bir kereli\u011fine e\u015fle\u015ftirme yap\u0131lmal\u0131d\u0131r. E\u015fle\u015ftirme sonras\u0131nda ma\u00e7 skor giri\u015fi yap\u0131labilir. Tak\u0131m ad\u0131ndaki ilk oyuncu skor giri\u015fi yapabilir<\/p>\n","protected":false},"author":1,"featured_media":0,"parent":0,"menu_order":0,"comment_status":"closed","ping_status":"closed","template":"","meta":{"jetpack_post_was_ever_published":false,"footnotes":""},"class_list":["post-845","page","type-page","status-publish","hentry"],"jetpack_shortlink":"https:\/\/wp.me\/P9JVe7-dD","jetpack_likes_enabled":true,"jetpack-related-posts":[],"jetpack_sharing_enabled":true,"_links":{"self":[{"href":"https:\/\/tenisgiller.com\/blog\/wp-json\/wp\/v2\/pages\/845","targetHints":{"allow":["GET"]}}],"collection":[{"href":"https:\/\/tenisgiller.com\/blog\/wp-json\/wp\/v2\/pages"}],"about":[{"href":"https:\/\/tenisgiller.com\/blog\/wp-json\/wp\/v2\/types\/page"}],"author":[{"embeddable":true,"href":"https:\/\/tenisgiller.com\/blog\/wp-json\/wp\/v2\/users\/1"}],"replies":[{"embeddable":true,"href":"https:\/\/tenisgiller.com\/blog\/wp-json\/wp\/v2\/comments?post=845"}],"version-history":[{"count":5,"href":"https:\/\/tenisgiller.com\/blog\/wp-json\/wp\/v2\/pages\/845\/revisions"}],"predecessor-version":[{"id":1488,"href":"https:\/\/tenisgiller.com\/blog\/wp-json\/wp\/v2\/pages\/845\/revisions\/1488"}],"wp:attachment":[{"href":"https:\/\/tenisgiller.com\/blog\/wp-json\/wp\/v2\/media?parent=845"}],"curies":[{"name":"wp","href":"https:\/\/api.w.org\/{rel}","templated":true}]}}